{"id":2386,"date":"2016-02-29T20:17:08","date_gmt":"2016-03-01T01:17:08","guid":{"rendered":"https:\/\/feesmarraines.ca\/about\/qui-sommes-nous\/"},"modified":"2024-01-09T19:54:58","modified_gmt":"2024-01-10T00:54:58","slug":"who-we-are","status":"publish","type":"page","link":"https:\/\/feesmarraines.ca\/en\/about\/who-we-are\/","title":{"rendered":"Who We Are"},"content":{"rendered":"<p><strong>Notre mission<\/strong><\/p>\n<p>La mission du Projet F\u00e9es Marraines\u00a0 est de permettre \u00e0 des \u00e9tudiantes de 5e secondaire issues de milieux d\u00e9favoris\u00e9s de la grande r\u00e9gion de Montr\u00e9al de participer \u00e0 leur bal de fin d\u2019\u00e9tudes.<\/p>\n<p>\u00c0 titre d\u2019organisme de bienfaisance, nous supportons les adolescentes en leur fournissant gratuitement la tenue compl\u00e8te pour la soir\u00e9e du bal (robe, souliers, bijoux, accessoires, maquillage, accessoires de coiffure, etc\u2026.). Sans cette aide, elles ne pourraient participer \u00e0 cet \u00e9v\u00e9nement significatif.<\/p>\n<p><strong>No<\/strong><strong>tre histoire<\/strong><\/p>\n<p style=\"text-align: justify;\">Le Projet F\u00e9es Marraines a pris naissance en 2011 quand Mme Linda Blouin, enseignante en langue seconde \u00e0 l\u2019\u00e9cole secondaire Antoine-de-St-Exup\u00e9ry \u00e0 St-L\u00e9onard et son ancienne \u00e9l\u00e8ve, Mme Genevi\u00e8ve Peel, ont pris l\u2019initiative d\u2019aider des \u00e9l\u00e8ves de 5<sup>e<\/sup> secondaire de leur \u00e9cole \u00e0 prendre part \u00e0 leur bal de finissants.<\/p>\n<p style=\"text-align: justify;\">\u00c0 cette \u00e9poque, Mme Blouin travaille \u00e0 l\u2019organisation du bal depuis d\u00e9j\u00e0 plus de 15 ans et a pu constater, au fil des ann\u00e9es, l\u2019appauvrissement grandissant de son milieu.\u00a0 Ne d\u00e9sirant en aucun cas que le bal qu\u2019elle organise avec ses coll\u00e8gues ne soit accessible \u00e0 tous les \u00e9l\u00e8ves, elle cherche des moyens de r\u00e9gler la situation.<\/p>\n<p style=\"text-align: justify;\">C\u2019est ainsi que le projet de r\u00e9aliser une garde-robe de finissants prend forme et grandit pendant quelques ann\u00e9es.\u00a0 Le concept est simple\u00a0: faire la collecte de robes de bal, chaussures et accessoires usag\u00e9s pour les offrir aux \u00e9l\u00e8ves de 5<sup>e<\/sup> secondaire qui,\u00a0 sans cette aide, ne pourraient assister \u00e0 ce moment si important qu\u2019est le bal de fin d\u2019\u00e9tudes.\u00a0 D\u2019ann\u00e9e en ann\u00e9e, le projet r\u00e9ussit \u00e0 aider quelques dizaines de jeunes filles, toujours dans la discr\u00e9tion.<\/p>\n<p style=\"text-align: justify;\">En juillet 2014, le projet devient officiellement un organisme \u00e0 but non lucratif nomm\u00e9 Projet F\u00e9es Marraines.\u00a0 Il est aujourd\u2019hui dot\u00e9 d\u2019un conseil d\u2019administration compos\u00e9 de b\u00e9n\u00e9voles engag\u00e9es, cible les \u00e9coles secondaires d\u00e9favoris\u00e9es dans la grande r\u00e9gion de Montr\u00e9al et tient un \u00e9v\u00e9nement annuel d\u2019envergure.<\/p>\n<p>En 2015, gr\u00e2ce \u00e0 la g\u00e9n\u00e9rosit\u00e9 de plusieurs donateurs et partenaires, ce sont plus de 140 jeunes filles que F\u00e9es Marraines a aid\u00e9es et en 2016, ce sont plus de 288\u00a0 jeunes filles.\u00a0Pour\u00a0 l\u2019ann\u00e9e\u00a0 2017,\u00a0 nous sommes venues en aide \u00e0 330 finissantes et avons atteint 370 jeunes filles en 2018.<\/p>\n<p>Pour\u00a0 l\u2019ann\u00e9e\u00a0 2019,\u00a0 notre\u00a0 conseil\u00a0 d\u2019administration\u00a0 s\u2019est\u00a0 donn\u00e9\u00a0 comme\u00a0 objectif\u00a0 de\u00a0 venir\u00a0 en\u00a0 aide\u00a0 \u00e0 400 finissantes\u00a0 en\u00a0 les\u00a0 conviant\u00a0\u00a0\u00e0\u00a0 nos cinqui\u00e8me Journ\u00e9es Boutique qui se tiendrons les\u00a018 et 19 mai\u00a0prochain.<\/p>\n<p style=\"text-align: justify;\">Nous esp\u00e9rons que le succ\u00e8s de nos \u00e9v\u00e9nements attirera l\u2019attention du public et de la communaut\u00e9 d\u2019affaires pour nous aider \u00e0 supporter le plus de jeunes possible dans cette situation.<\/p>\n<p style=\"text-align: justify;\"><strong>Nos valeurs<\/strong><\/p>\n<p style=\"text-align: justify;\">L&#8217;\u00e9quit\u00e9<\/p>\n<p style=\"text-align: justify;\">Nous travaillons \u00e0 lever les barri\u00e8res sociales et promouvoir l\u2019inclusion et la diversit\u00e9.\u00a0 Puisque le bal de finissants souligne une \u00e9tape de vie importante, nous croyons qu\u2019il doit \u00eatre accessible \u00e0 toutes les \u00e9tudiantes ayant r\u00e9ussi leur programme d\u2019\u00e9tudes secondaires et ce, malgr\u00e9 les s\u00e9rieuses difficult\u00e9s financi\u00e8res auxquelles elles et leurs familles sont confront\u00e9es.<\/p>\n<p style=\"text-align: justify;\">L&#8217;estime et la confiance en soi<\/p>\n<p style=\"text-align: justify;\">Nous voulons offrir aux finissantes la possibilit\u00e9 de prendre part \u00e0 cette c\u00e9l\u00e9bration la t\u00eate haute, avec confiance et fiert\u00e9, en leur fournissant une tenue de leurs r\u00eaves.<\/p>\n<p style=\"text-align: justify;\">Pers\u00e9v\u00e9rance scolaire<\/p>\n<p style=\"text-align: justify;\">Malheureusement pour plusieurs jeunes filles, la probabilit\u00e9 d\u2019obtenir un dipl\u00f4me d\u2019\u00e9tudes secondaires est faible compte tenu de l\u2019absence d\u2019un syst\u00e8me de support ad\u00e9quat.\u00a0Nous encourageons et r\u00e9compensons la r\u00e9ussite et la pers\u00e9v\u00e9rance scolaire de ces \u00e9tudiantes qui ont r\u00e9ussi malgr\u00e9 de nombreux obstacles.<\/p>\n<p style=\"text-align: justify;\">Le respect et la dignit\u00e9<\/p>\n<p style=\"text-align: justify;\">Nous nous assurons que chaque \u00e9tape du processus se d\u00e9roule dans le respect et la dignit\u00e9 des participantes.<\/p>\n<p style=\"text-align: justify;\">La solidarit\u00e9 sociale et l\u2019\u00e9cocitoyennet\u00e9<\/p>\n<p style=\"text-align: justify;\">Nous encourageons les gens de la communaut\u00e9 \u00e0 partager en donnant une seconde vie \u00e0 leurs robes de soir\u00e9e, souliers, bijoux et accessoires tout en comblant un besoin r\u00e9el aupr\u00e8s de ces jeunes filles.<\/p>\n<p style=\"text-align: justify;\"><strong>Projets similaires<\/strong><\/p>\n<p style=\"text-align: justify;\">Le Projet F\u00e9es Marraines s\u2019inspire de projets similaires qui sont en op\u00e9ration \u00e0 travers le Canada et les \u00c9tats-Unis depuis plusieurs ann\u00e9es. Une collaboration s\u2019est install\u00e9e entre diff\u00e9rents organismes ailleurs au Canada afin de bien d\u00e9marrer le projet. Au Qu\u00e9bec, le Projet F\u00e9es Marraines est\u00a0 le seul organisme \u00e0 but non lucratif qui d\u00e9tient un statut d\u2019organisme de bienfaisance et qui peut \u00e9mettre des re\u00e7us d\u2019imp\u00f4ts. Le Projet F\u00e9es Marraines vient en aide aux \u00e9tudiantes de la grande r\u00e9gion de Montr\u00e9al. Il y a toutefois plusieurs personnes qui offrent une aide similaire de leur propre initiative et de moindre envergure aux \u00e9l\u00e8ves d\u2019autres r\u00e9gions du Qu\u00e9bec et nous les f\u00e9licitons car les besoins sont grands et pr\u00e9sents partout. Si vous d\u00e9sirez d\u00e9marrer un projet similaire, il nous fera plaisir de vous offrir conseil. Vous devrez toutefois vous choisir un nom autre que F\u00e9es Marraines.<\/p>\n<p><a style=\"color: #000000; text-decoration: underline;\" href=\"https:\/\/feesmarraines.ca\/wp-content\/uploads\/2016\/02\/fm_rapportactivites_final.pdf\" rel=\"\"><br \/>\n<img loading=\"lazy\" class=\"aligncenter wp-image-1821 size-full\" src=\"https:\/\/feesmarraines.ca\/wp-content\/uploads\/2016\/02\/rapportimage.jpg\" alt=\"rapportimage\" width=\"459\" height=\"251\" \/><\/a><\/p>\n<p style=\"text-align: center;\"><span style=\"color: #000000;\"><strong>\u00a0<a style=\"color: #000000; text-decoration: underline;\" href=\"https:\/\/feesmarraines.ca\/wp-content\/uploads\/2016\/02\/fm_rapportactivites_final.pdf\" rel=\"\">T\u00e9l\u00e9charger le Rapport d&#8217;activit\u00e9 2018-2019<\/a><\/strong><\/span><\/p>\n","protected":false},"excerpt":{"rendered":"<p>Notre mission La mission du Projet F\u00e9es Marraines\u00a0 est de permettre \u00e0 des \u00e9tudiantes de 5e secondaire issues de milieux d\u00e9favoris\u00e9s de la grande r\u00e9gion de Montr\u00e9al de participer \u00e0 leur bal de fin d\u2019\u00e9tudes. \u00c0 titre d\u2019organisme de bienfaisance, nous supportons les adolescentes en leur fournissant gratuitement la tenue compl\u00e8te pour la soir\u00e9e du [&hellip;]<\/p>\n","protected":false},"author":1,"featured_media":3776,"parent":2373,"menu_order":0,"comment_status":"closed","ping_status":"closed","template":"","meta":[],"acf":[],"yoast_head":"<!-- This site is optimized with the Yoast SEO plugin v18.9 - https:\/\/yoast.com\/wordpress\/plugins\/seo\/ -->\n<title>Who We Are | F\u00e9es Marraines<\/title>\n<meta name=\"description\" content=\"Our concept is simple: collect prom dresses, evening shoes, etc. and give them away to these courageous and resilient girls.\" \/>\n<meta name=\"robots\" content=\"index, follow, max-snippet:-1, max-image-preview:large, max-video-preview:-1\" \/>\n<link rel=\"canonical\" href=\"https:\/\/feesmarraines.ca\/en\/about\/who-we-are\/\" \/>\n<meta property=\"og:locale\" content=\"en_US\" \/>\n<meta property=\"og:type\" content=\"article\" \/>\n<meta property=\"og:title\" content=\"Who We Are | F\u00e9es Marraines\" \/>\n<meta property=\"og:description\" content=\"Our concept is simple: collect prom dresses, evening shoes, etc. and give them away to these courageous and resilient girls.\" \/>\n<meta property=\"og:url\" content=\"https:\/\/feesmarraines.ca\/en\/about\/who-we-are\/\" \/>\n<meta property=\"og:site_name\" content=\"F\u00e9es Marraines\" \/>\n<meta property=\"article:modified_time\" content=\"2024-01-10T00:54:58+00:00\" \/>\n<meta property=\"og:image\" content=\"https:\/\/feesmarraines.ca\/wp-content\/uploads\/2019\/10\/section-propos.jpg\" \/>\n\t<meta property=\"og:image:width\" content=\"2560\" \/>\n\t<meta property=\"og:image:height\" content=\"1708\" \/>\n\t<meta property=\"og:image:type\" content=\"image\/jpeg\" \/>\n<meta name=\"twitter:card\" content=\"summary_large_image\" \/>\n<meta name=\"twitter:label1\" content=\"Est. reading time\" \/>\n\t<meta name=\"twitter:data1\" content=\"4 minutes\" \/>\n<script type=\"application\/ld+json\" class=\"yoast-schema-graph\">{\"@context\":\"https:\/\/schema.org\",\"@graph\":[{\"@type\":\"WebSite\",\"@id\":\"https:\/\/feesmarraines.ca\/#website\",\"url\":\"https:\/\/feesmarraines.ca\/\",\"name\":\"F\u00e9es Marraines\",\"description\":\"Une robe pour le bal\",\"potentialAction\":[{\"@type\":\"SearchAction\",\"target\":{\"@type\":\"EntryPoint\",\"urlTemplate\":\"https:\/\/feesmarraines.ca\/?s={search_term_string}\"},\"query-input\":\"required name=search_term_string\"}],\"inLanguage\":\"en-US\"},{\"@type\":\"ImageObject\",\"inLanguage\":\"en-US\",\"@id\":\"https:\/\/feesmarraines.ca\/en\/about\/who-we-are\/#primaryimage\",\"url\":\"https:\/\/feesmarraines.ca\/wp-content\/uploads\/2019\/10\/section-propos.jpg\",\"contentUrl\":\"https:\/\/feesmarraines.ca\/wp-content\/uploads\/2019\/10\/section-propos.jpg\",\"width\":2560,\"height\":1708},{\"@type\":\"WebPage\",\"@id\":\"https:\/\/feesmarraines.ca\/en\/about\/who-we-are\/#webpage\",\"url\":\"https:\/\/feesmarraines.ca\/en\/about\/who-we-are\/\",\"name\":\"Who We Are | F\u00e9es Marraines\",\"isPartOf\":{\"@id\":\"https:\/\/feesmarraines.ca\/#website\"},\"primaryImageOfPage\":{\"@id\":\"https:\/\/feesmarraines.ca\/en\/about\/who-we-are\/#primaryimage\"},\"datePublished\":\"2016-03-01T01:17:08+00:00\",\"dateModified\":\"2024-01-10T00:54:58+00:00\",\"description\":\"Our concept is simple: collect prom dresses, evening shoes, etc. and give them away to these courageous and resilient girls.\",\"breadcrumb\":{\"@id\":\"https:\/\/feesmarraines.ca\/en\/about\/who-we-are\/#breadcrumb\"},\"inLanguage\":\"en-US\",\"potentialAction\":[{\"@type\":\"ReadAction\",\"target\":[\"https:\/\/feesmarraines.ca\/en\/about\/who-we-are\/\"]}]},{\"@type\":\"BreadcrumbList\",\"@id\":\"https:\/\/feesmarraines.ca\/en\/about\/who-we-are\/#breadcrumb\",\"itemListElement\":[{\"@type\":\"ListItem\",\"position\":1,\"name\":\"Accueil\",\"item\":\"https:\/\/feesmarraines.ca\/en\/\"},{\"@type\":\"ListItem\",\"position\":2,\"name\":\"About\",\"item\":\"https:\/\/feesmarraines.ca\/en\/about\/\"},{\"@type\":\"ListItem\",\"position\":3,\"name\":\"Who We Are\"}]}]}<\/script>\n<!-- \/ Yoast SEO plugin. -->","yoast_head_json":{"title":"Who We Are | F\u00e9es Marraines","description":"Our concept is simple: collect prom dresses, evening shoes, etc. and give them away to these courageous and resilient girls.","robots":{"index":"index","follow":"follow","max-snippet":"max-snippet:-1","max-image-preview":"max-image-preview:large","max-video-preview":"max-video-preview:-1"},"canonical":"https:\/\/feesmarraines.ca\/en\/about\/who-we-are\/","og_locale":"en_US","og_type":"article","og_title":"Who We Are | F\u00e9es Marraines","og_description":"Our concept is simple: collect prom dresses, evening shoes, etc. and give them away to these courageous and resilient girls.","og_url":"https:\/\/feesmarraines.ca\/en\/about\/who-we-are\/","og_site_name":"F\u00e9es Marraines","article_modified_time":"2024-01-10T00:54:58+00:00","og_image":[{"width":2560,"height":1708,"url":"https:\/\/feesmarraines.ca\/wp-content\/uploads\/2019\/10\/section-propos.jpg","type":"image\/jpeg"}],"twitter_card":"summary_large_image","twitter_misc":{"Est. reading time":"4 minutes"},"schema":{"@context":"https:\/\/schema.org","@graph":[{"@type":"WebSite","@id":"https:\/\/feesmarraines.ca\/#website","url":"https:\/\/feesmarraines.ca\/","name":"F\u00e9es Marraines","description":"Une robe pour le bal","potentialAction":[{"@type":"SearchAction","target":{"@type":"EntryPoint","urlTemplate":"https:\/\/feesmarraines.ca\/?s={search_term_string}"},"query-input":"required name=search_term_string"}],"inLanguage":"en-US"},{"@type":"ImageObject","inLanguage":"en-US","@id":"https:\/\/feesmarraines.ca\/en\/about\/who-we-are\/#primaryimage","url":"https:\/\/feesmarraines.ca\/wp-content\/uploads\/2019\/10\/section-propos.jpg","contentUrl":"https:\/\/feesmarraines.ca\/wp-content\/uploads\/2019\/10\/section-propos.jpg","width":2560,"height":1708},{"@type":"WebPage","@id":"https:\/\/feesmarraines.ca\/en\/about\/who-we-are\/#webpage","url":"https:\/\/feesmarraines.ca\/en\/about\/who-we-are\/","name":"Who We Are | F\u00e9es Marraines","isPartOf":{"@id":"https:\/\/feesmarraines.ca\/#website"},"primaryImageOfPage":{"@id":"https:\/\/feesmarraines.ca\/en\/about\/who-we-are\/#primaryimage"},"datePublished":"2016-03-01T01:17:08+00:00","dateModified":"2024-01-10T00:54:58+00:00","description":"Our concept is simple: collect prom dresses, evening shoes, etc. and give them away to these courageous and resilient girls.","breadcrumb":{"@id":"https:\/\/feesmarraines.ca\/en\/about\/who-we-are\/#breadcrumb"},"inLanguage":"en-US","potentialAction":[{"@type":"ReadAction","target":["https:\/\/feesmarraines.ca\/en\/about\/who-we-are\/"]}]},{"@type":"BreadcrumbList","@id":"https:\/\/feesmarraines.ca\/en\/about\/who-we-are\/#breadcrumb","itemListElement":[{"@type":"ListItem","position":1,"name":"Accueil","item":"https:\/\/feesmarraines.ca\/en\/"},{"@type":"ListItem","position":2,"name":"About","item":"https:\/\/feesmarraines.ca\/en\/about\/"},{"@type":"ListItem","position":3,"name":"Who We Are"}]}]}},"_links":{"self":[{"href":"https:\/\/feesmarraines.ca\/en\/wp-json\/wp\/v2\/pages\/2386"}],"collection":[{"href":"https:\/\/feesmarraines.ca\/en\/wp-json\/wp\/v2\/pages"}],"about":[{"href":"https:\/\/feesmarraines.ca\/en\/wp-json\/wp\/v2\/types\/page"}],"author":[{"embeddable":true,"href":"https:\/\/feesmarraines.ca\/en\/wp-json\/wp\/v2\/users\/1"}],"replies":[{"embeddable":true,"href":"https:\/\/feesmarraines.ca\/en\/wp-json\/wp\/v2\/comments?post=2386"}],"version-history":[{"count":4,"href":"https:\/\/feesmarraines.ca\/en\/wp-json\/wp\/v2\/pages\/2386\/revisions"}],"predecessor-version":[{"id":3816,"href":"https:\/\/feesmarraines.ca\/en\/wp-json\/wp\/v2\/pages\/2386\/revisions\/3816"}],"up":[{"embeddable":true,"href":"https:\/\/feesmarraines.ca\/en\/wp-json\/wp\/v2\/pages\/2373"}],"wp:featuredmedia":[{"embeddable":true,"href":"https:\/\/feesmarraines.ca\/en\/wp-json\/wp\/v2\/media\/3776"}],"wp:attachment":[{"href":"https:\/\/feesmarraines.ca\/en\/wp-json\/wp\/v2\/media?parent=2386"}],"curies":[{"name":"wp","href":"https:\/\/api.w.org\/{rel}","templated":true}]}}