{"id":2411,"date":"2016-02-29T20:07:27","date_gmt":"2016-03-01T01:07:27","guid":{"rendered":"https:\/\/feesmarraines.ca\/faire-un-don\/don-marchandises-services\/"},"modified":"2021-12-14T15:15:05","modified_gmt":"2021-12-14T20:15:05","slug":"donation-of-goods-services","status":"publish","type":"page","link":"https:\/\/feesmarraines.ca\/en\/make-a-donation\/donation-of-goods-services\/","title":{"rendered":"Donation of Goods \/ Services"},"content":{"rendered":"<p>&nbsp;<\/p>\n<p><strong>Le Projet F\u00e9es Marraines <\/strong>ne pourrait\u00a0 exister sans la\u00a0contribution de nos g\u00e9n\u00e9reux donateurs et partenaires.<\/p>\n<p>Que vous soyez une petite ou une grande entreprise, une boutique ind\u00e9pendante ou un particulier, vous pouvez faire une diff\u00e9rence pour ces jeunes finissants dans le besoin.<\/p>\n<h3><strong>Dons\u00a0Divers<\/strong><\/h3>\n<p class=\"p2\"><span class=\"s1\">Pour offrir une journ\u00e9e de r\u00eave aux finissantes, nos besoins ne se limitent pas \u00e0 la robe. D&#8217;autres accessoires et services font partie int\u00e9grante de la journ\u00e9e-boutique et de l&#8217;exp\u00e9rience v\u00e9cue par les jeunes finissantes. Voici donc une liste qui vous donne une id\u00e9e de ce que nous recherchons en vue de leur faire vivre une journ\u00e9e exceptionnelle :<\/span><\/p>\n<h3 class=\"p1\"><strong><span class=\"s1\">Besoins\u00a0Tenues de R\u00eave<\/span><\/strong><\/h3>\n<ul>\n<li class=\"p2\"><span class=\"s1\">Robes de bal<\/span><\/li>\n<li class=\"p2\"><span class=\"s1\">Souliers neufs, cartes-cadeaux de magasins de chaussures<\/span><\/li>\n<li class=\"p2\" style=\"text-align: justify;\"><span class=\"s1\">Sacs \u00e0 main de soir\u00e9e, bijoux, \u00e9charpes, gants et autres accessoires glamour<\/span><\/li>\n<li class=\"p2\"><span class=\"s1\">Maquillages, cr\u00e8mes visage\/corps, vernis, produits capillaires&#8230;<\/span><\/li>\n<li class=\"p2\"><span class=\"s1\">Cartes cadeaux pour mises en plis, maquillages, manucures et services de beaut\u00e9<\/span><\/li>\n<\/ul>\n<p>Merci de bien vouloir d\u00e9poser vos dons dans une housse ou un sac sp\u00e9cialement identifi\u00e9 \u00e0 l&#8217;attention du Projet F\u00e9es Marraines durant les heures d&#8217;ouverture du centre de don seulement. Aucun don dans les boites ext\u00e9rieures.<\/p>\n<p>A\u00a0l&#8217;adresse suivante :<\/p>\n<p style=\"text-align: justify;\"><strong>Fripe Prix Renaissance situ\u00e9e au 5500 Boul. Henri Bourassa Est, Montr\u00e9al-Nord<\/strong><\/p>\n<p>https:\/\/www.renaissancequebec.ca\/fr\/renaissance\/actualites\/une-fripe-prix-renaissance-a-montreal-nord<\/p>\n<p><strong><span class=\"s1\">BESOINS DIVERS<\/span><\/strong><\/p>\n<p>Nous sommes \u00e9galement \u00e0 la recherche de certains services compl\u00e9mentaires:<\/p>\n<ul>\n<li class=\"p2\"><span class=\"s1\">Service de nettoyeur<\/span><\/li>\n<li class=\"p2\">Cintres et housses pour robes<\/li>\n<li class=\"p2\">Tables, nappes, chaises pour la dur\u00e9e de la journ\u00e9e boutique<\/li>\n<li class=\"p2\">Accessoires de d\u00e9coration<\/li>\n<\/ul>\n<p class=\"p2\">Merci de nous aider \u00e0 faire grandir notre projet et \u00e0 aider un nombre grandissant de jeunes dans le futur\u00a0!<\/p>\n","protected":false},"excerpt":{"rendered":"<p>&nbsp; Le Projet F\u00e9es Marraines ne pourrait\u00a0 exister sans la\u00a0contribution de nos g\u00e9n\u00e9reux donateurs et partenaires. Que vous soyez une petite ou une grande entreprise, une boutique ind\u00e9pendante ou un particulier, vous pouvez faire une diff\u00e9rence pour ces jeunes finissants dans le besoin. Dons\u00a0Divers Pour offrir une journ\u00e9e de r\u00eave aux finissantes, nos besoins ne [&hellip;]<\/p>\n","protected":false},"author":1,"featured_media":2412,"parent":2410,"menu_order":0,"comment_status":"closed","ping_status":"closed","template":"","meta":[],"acf":[],"yoast_head":"<!-- This site is optimized with the Yoast SEO plugin v18.9 - https:\/\/yoast.com\/wordpress\/plugins\/seo\/ -->\n<title>Donation of Goods \/ Services | F\u00e9es Marraines<\/title>\n<meta name=\"robots\" content=\"index, follow, max-snippet:-1, max-image-preview:large, max-video-preview:-1\" \/>\n<link rel=\"canonical\" href=\"https:\/\/feesmarraines.ca\/en\/make-a-donation\/donation-of-goods-services\/\" \/>\n<meta property=\"og:locale\" content=\"en_US\" \/>\n<meta property=\"og:type\" content=\"article\" \/>\n<meta property=\"og:title\" content=\"Donation of Goods \/ Services | F\u00e9es Marraines\" \/>\n<meta property=\"og:description\" content=\"&nbsp; Le Projet F\u00e9es Marraines ne pourrait\u00a0 exister sans la\u00a0contribution de nos g\u00e9n\u00e9reux donateurs et partenaires. Que vous soyez une petite ou une grande entreprise, une boutique ind\u00e9pendante ou un particulier, vous pouvez faire une diff\u00e9rence pour ces jeunes finissants dans le besoin. Dons\u00a0Divers Pour offrir une journ\u00e9e de r\u00eave aux finissantes, nos besoins ne [&hellip;]\" \/>\n<meta property=\"og:url\" content=\"https:\/\/feesmarraines.ca\/en\/make-a-donation\/donation-of-goods-services\/\" \/>\n<meta property=\"og:site_name\" content=\"F\u00e9es Marraines\" \/>\n<meta property=\"article:modified_time\" content=\"2021-12-14T20:15:05+00:00\" \/>\n<meta property=\"og:image\" content=\"https:\/\/feesmarraines.ca\/wp-content\/uploads\/2019\/10\/don.jpg\" \/>\n\t<meta property=\"og:image:width\" content=\"2560\" \/>\n\t<meta property=\"og:image:height\" content=\"1708\" \/>\n\t<meta property=\"og:image:type\" content=\"image\/jpeg\" \/>\n<meta name=\"twitter:card\" content=\"summary_large_image\" \/>\n<meta name=\"twitter:label1\" content=\"Est. reading time\" \/>\n\t<meta name=\"twitter:data1\" content=\"1 minute\" \/>\n<script type=\"application\/ld+json\" class=\"yoast-schema-graph\">{\"@context\":\"https:\/\/schema.org\",\"@graph\":[{\"@type\":\"WebSite\",\"@id\":\"https:\/\/feesmarraines.ca\/#website\",\"url\":\"https:\/\/feesmarraines.ca\/\",\"name\":\"F\u00e9es Marraines\",\"description\":\"Une robe pour le bal\",\"potentialAction\":[{\"@type\":\"SearchAction\",\"target\":{\"@type\":\"EntryPoint\",\"urlTemplate\":\"https:\/\/feesmarraines.ca\/?s={search_term_string}\"},\"query-input\":\"required name=search_term_string\"}],\"inLanguage\":\"en-US\"},{\"@type\":\"ImageObject\",\"inLanguage\":\"en-US\",\"@id\":\"https:\/\/feesmarraines.ca\/en\/make-a-donation\/donation-of-goods-services\/#primaryimage\",\"url\":\"https:\/\/feesmarraines.ca\/wp-content\/uploads\/2019\/10\/don.jpg\",\"contentUrl\":\"https:\/\/feesmarraines.ca\/wp-content\/uploads\/2019\/10\/don.jpg\",\"width\":2560,\"height\":1708},{\"@type\":\"WebPage\",\"@id\":\"https:\/\/feesmarraines.ca\/en\/make-a-donation\/donation-of-goods-services\/#webpage\",\"url\":\"https:\/\/feesmarraines.ca\/en\/make-a-donation\/donation-of-goods-services\/\",\"name\":\"Donation of Goods \/ Services | F\u00e9es Marraines\",\"isPartOf\":{\"@id\":\"https:\/\/feesmarraines.ca\/#website\"},\"primaryImageOfPage\":{\"@id\":\"https:\/\/feesmarraines.ca\/en\/make-a-donation\/donation-of-goods-services\/#primaryimage\"},\"datePublished\":\"2016-03-01T01:07:27+00:00\",\"dateModified\":\"2021-12-14T20:15:05+00:00\",\"breadcrumb\":{\"@id\":\"https:\/\/feesmarraines.ca\/en\/make-a-donation\/donation-of-goods-services\/#breadcrumb\"},\"inLanguage\":\"en-US\",\"potentialAction\":[{\"@type\":\"ReadAction\",\"target\":[\"https:\/\/feesmarraines.ca\/en\/make-a-donation\/donation-of-goods-services\/\"]}]},{\"@type\":\"BreadcrumbList\",\"@id\":\"https:\/\/feesmarraines.ca\/en\/make-a-donation\/donation-of-goods-services\/#breadcrumb\",\"itemListElement\":[{\"@type\":\"ListItem\",\"position\":1,\"name\":\"Accueil\",\"item\":\"https:\/\/feesmarraines.ca\/en\/\"},{\"@type\":\"ListItem\",\"position\":2,\"name\":\"Make a Donation\",\"item\":\"https:\/\/feesmarraines.ca\/en\/make-a-donation\/\"},{\"@type\":\"ListItem\",\"position\":3,\"name\":\"Donation of Goods \/ Services\"}]}]}<\/script>\n<!-- \/ Yoast SEO plugin. -->","yoast_head_json":{"title":"Donation of Goods \/ Services | F\u00e9es Marraines","robots":{"index":"index","follow":"follow","max-snippet":"max-snippet:-1","max-image-preview":"max-image-preview:large","max-video-preview":"max-video-preview:-1"},"canonical":"https:\/\/feesmarraines.ca\/en\/make-a-donation\/donation-of-goods-services\/","og_locale":"en_US","og_type":"article","og_title":"Donation of Goods \/ Services | F\u00e9es Marraines","og_description":"&nbsp; Le Projet F\u00e9es Marraines ne pourrait\u00a0 exister sans la\u00a0contribution de nos g\u00e9n\u00e9reux donateurs et partenaires. Que vous soyez une petite ou une grande entreprise, une boutique ind\u00e9pendante ou un particulier, vous pouvez faire une diff\u00e9rence pour ces jeunes finissants dans le besoin. Dons\u00a0Divers Pour offrir une journ\u00e9e de r\u00eave aux finissantes, nos besoins ne [&hellip;]","og_url":"https:\/\/feesmarraines.ca\/en\/make-a-donation\/donation-of-goods-services\/","og_site_name":"F\u00e9es Marraines","article_modified_time":"2021-12-14T20:15:05+00:00","og_image":[{"width":2560,"height":1708,"url":"https:\/\/feesmarraines.ca\/wp-content\/uploads\/2019\/10\/don.jpg","type":"image\/jpeg"}],"twitter_card":"summary_large_image","twitter_misc":{"Est. reading time":"1 minute"},"schema":{"@context":"https:\/\/schema.org","@graph":[{"@type":"WebSite","@id":"https:\/\/feesmarraines.ca\/#website","url":"https:\/\/feesmarraines.ca\/","name":"F\u00e9es Marraines","description":"Une robe pour le bal","potentialAction":[{"@type":"SearchAction","target":{"@type":"EntryPoint","urlTemplate":"https:\/\/feesmarraines.ca\/?s={search_term_string}"},"query-input":"required name=search_term_string"}],"inLanguage":"en-US"},{"@type":"ImageObject","inLanguage":"en-US","@id":"https:\/\/feesmarraines.ca\/en\/make-a-donation\/donation-of-goods-services\/#primaryimage","url":"https:\/\/feesmarraines.ca\/wp-content\/uploads\/2019\/10\/don.jpg","contentUrl":"https:\/\/feesmarraines.ca\/wp-content\/uploads\/2019\/10\/don.jpg","width":2560,"height":1708},{"@type":"WebPage","@id":"https:\/\/feesmarraines.ca\/en\/make-a-donation\/donation-of-goods-services\/#webpage","url":"https:\/\/feesmarraines.ca\/en\/make-a-donation\/donation-of-goods-services\/","name":"Donation of Goods \/ Services | F\u00e9es Marraines","isPartOf":{"@id":"https:\/\/feesmarraines.ca\/#website"},"primaryImageOfPage":{"@id":"https:\/\/feesmarraines.ca\/en\/make-a-donation\/donation-of-goods-services\/#primaryimage"},"datePublished":"2016-03-01T01:07:27+00:00","dateModified":"2021-12-14T20:15:05+00:00","breadcrumb":{"@id":"https:\/\/feesmarraines.ca\/en\/make-a-donation\/donation-of-goods-services\/#breadcrumb"},"inLanguage":"en-US","potentialAction":[{"@type":"ReadAction","target":["https:\/\/feesmarraines.ca\/en\/make-a-donation\/donation-of-goods-services\/"]}]},{"@type":"BreadcrumbList","@id":"https:\/\/feesmarraines.ca\/en\/make-a-donation\/donation-of-goods-services\/#breadcrumb","itemListElement":[{"@type":"ListItem","position":1,"name":"Accueil","item":"https:\/\/feesmarraines.ca\/en\/"},{"@type":"ListItem","position":2,"name":"Make a Donation","item":"https:\/\/feesmarraines.ca\/en\/make-a-donation\/"},{"@type":"ListItem","position":3,"name":"Donation of Goods \/ Services"}]}]}},"_links":{"self":[{"href":"https:\/\/feesmarraines.ca\/en\/wp-json\/wp\/v2\/pages\/2411"}],"collection":[{"href":"https:\/\/feesmarraines.ca\/en\/wp-json\/wp\/v2\/pages"}],"about":[{"href":"https:\/\/feesmarraines.ca\/en\/wp-json\/wp\/v2\/types\/page"}],"author":[{"embeddable":true,"href":"https:\/\/feesmarraines.ca\/en\/wp-json\/wp\/v2\/users\/1"}],"replies":[{"embeddable":true,"href":"https:\/\/feesmarraines.ca\/en\/wp-json\/wp\/v2\/comments?post=2411"}],"version-history":[{"count":6,"href":"https:\/\/feesmarraines.ca\/en\/wp-json\/wp\/v2\/pages\/2411\/revisions"}],"predecessor-version":[{"id":3287,"href":"https:\/\/feesmarraines.ca\/en\/wp-json\/wp\/v2\/pages\/2411\/revisions\/3287"}],"up":[{"embeddable":true,"href":"https:\/\/feesmarraines.ca\/en\/wp-json\/wp\/v2\/pages\/2410"}],"wp:featuredmedia":[{"embeddable":true,"href":"https:\/\/feesmarraines.ca\/en\/wp-json\/wp\/v2\/media\/2412"}],"wp:attachment":[{"href":"https:\/\/feesmarraines.ca\/en\/wp-json\/wp\/v2\/media?parent=2411"}],"curies":[{"name":"wp","href":"https:\/\/api.w.org\/{rel}","templated":true}]}}