{"id":2416,"date":"2016-05-22T16:01:37","date_gmt":"2016-05-22T20:01:37","guid":{"rendered":"https:\/\/feesmarraines.ca\/lieux-de-depot\/"},"modified":"2021-09-17T12:58:10","modified_gmt":"2021-09-17T16:58:10","slug":"places-of-deposit","status":"publish","type":"page","link":"https:\/\/feesmarraines.ca\/en\/places-of-deposit\/","title":{"rendered":"Place of Deposit"},"content":{"rendered":"<h4><strong>Nous avons maintenant quatre (4) lieux de cueillette qui acceptent vos dons de robes, souliers et accessoires:<\/strong><\/h4>\n<h2><span style=\"color: #ed2d8d;\"><b>Montr\u00e9al<\/b>\u00a0<\/span><\/h2>\n<p><strong>Fripe-Prix Renaissance<\/strong><br \/>\n5500 Boul Henri-Bourassa Est,<br \/>\nMontreal-Nord, Qc<br \/>\nH1G 2T2<\/p>\n<p>&nbsp;<\/p>\n<h2><span style=\"color: #ed2d8d;\"><b>Rive Sud<\/b><\/span><\/h2>\n<p><strong>Fripe-Prix Renaissance<\/strong><br \/>\n6250 Boulevard Cousineau<br \/>\nSt-Hubert, Qc<br \/>\nJ3Y 9J8<\/p>\n<p>Merci de bien vouloir d\u00e9poser vos dons dans une housse ou un sac sp\u00e9cialement identifi\u00e9 \u00e0 l&#8217;attention du Projet F\u00e9es Marraines durant les heures d&#8217;ouverture du centre de don seulement. Aucun don dans les boites ext\u00e9rieures.<\/p>\n<p>Pour conna\u00eetre l&#8217;horaire des <strong>Fripe-Prix Renaissance et de leurs centres de don<\/strong>, visitez le\u00a0www.renaissancequebec.ca<\/p>\n<h2><span style=\"color: #ed2d8d;\"><b>Rive Nord<\/b><\/span><\/h2>\n<p><strong>Lol\u00eb Boisbriand<\/strong><br \/>\nFaubourg Boisbriand<br \/>\n3160 des grandes tourelles<br \/>\nBoisbriand, Qc<br \/>\nJ7H 0A2<br \/>\n450-434-6389<\/p>\n<p><strong>Lol\u00eb Mascouche<\/strong><br \/>\n448 Mont\u00e9e Masson<br \/>\nMascouche, Qc<br \/>\nJ7K 2K5<br \/>\n450-918-3330<\/p>\n<p>Les\u00a0heures d\u2019ouverture sont affich\u00e9es sur\u00a0les pages Facebook\u00a0 de\u00a0Lol\u00eb :<\/p>\n<p>https:\/\/www.facebook.com\/LoleBoisbriand\/<\/p>\n<p>https:\/\/www.facebook.com\/LoleMascouche\/<\/p>\n<h2><\/h2>\n<p>&nbsp;<\/p>\n","protected":false},"excerpt":{"rendered":"<p>Nous avons maintenant quatre (4) lieux de cueillette qui acceptent vos dons de robes, souliers et accessoires: Montr\u00e9al\u00a0 Fripe-Prix Renaissance 5500 Boul Henri-Bourassa Est, Montreal-Nord, Qc H1G 2T2 &nbsp; Rive Sud Fripe-Prix Renaissance 6250 Boulevard Cousineau St-Hubert, Qc J3Y 9J8 Merci de bien vouloir d\u00e9poser vos dons dans une housse ou un sac sp\u00e9cialement identifi\u00e9 [&hellip;]<\/p>\n","protected":false},"author":1,"featured_media":2419,"parent":0,"menu_order":0,"comment_status":"closed","ping_status":"closed","template":"","meta":[],"acf":[],"yoast_head":"<!-- This site is optimized with the Yoast SEO plugin v18.9 - https:\/\/yoast.com\/wordpress\/plugins\/seo\/ -->\n<title>Place of Deposit | F\u00e9es Marraines<\/title>\n<meta name=\"robots\" content=\"index, follow, max-snippet:-1, max-image-preview:large, max-video-preview:-1\" \/>\n<link rel=\"canonical\" href=\"https:\/\/feesmarraines.ca\/en\/places-of-deposit\/\" \/>\n<meta property=\"og:locale\" content=\"en_US\" \/>\n<meta property=\"og:type\" content=\"article\" \/>\n<meta property=\"og:title\" content=\"Place of Deposit | F\u00e9es Marraines\" \/>\n<meta property=\"og:description\" content=\"Nous avons maintenant quatre (4) lieux de cueillette qui acceptent vos dons de robes, souliers et accessoires: Montr\u00e9al\u00a0 Fripe-Prix Renaissance 5500 Boul Henri-Bourassa Est, Montreal-Nord, Qc H1G 2T2 &nbsp; Rive Sud Fripe-Prix Renaissance 6250 Boulevard Cousineau St-Hubert, Qc J3Y 9J8 Merci de bien vouloir d\u00e9poser vos dons dans une housse ou un sac sp\u00e9cialement identifi\u00e9 [&hellip;]\" \/>\n<meta property=\"og:url\" content=\"https:\/\/feesmarraines.ca\/en\/places-of-deposit\/\" \/>\n<meta property=\"og:site_name\" content=\"F\u00e9es Marraines\" \/>\n<meta property=\"article:modified_time\" content=\"2021-09-17T16:58:10+00:00\" \/>\n<meta property=\"og:image\" content=\"https:\/\/feesmarraines.ca\/wp-content\/uploads\/2019\/10\/ecole.jpg\" \/>\n\t<meta property=\"og:image:width\" content=\"2560\" \/>\n\t<meta property=\"og:image:height\" content=\"1322\" \/>\n\t<meta property=\"og:image:type\" content=\"image\/jpeg\" \/>\n<meta name=\"twitter:card\" content=\"summary_large_image\" \/>\n<meta name=\"twitter:label1\" content=\"Est. reading time\" \/>\n\t<meta name=\"twitter:data1\" content=\"1 minute\" \/>\n<script type=\"application\/ld+json\" class=\"yoast-schema-graph\">{\"@context\":\"https:\/\/schema.org\",\"@graph\":[{\"@type\":\"WebSite\",\"@id\":\"https:\/\/feesmarraines.ca\/#website\",\"url\":\"https:\/\/feesmarraines.ca\/\",\"name\":\"F\u00e9es Marraines\",\"description\":\"Une robe pour le bal\",\"potentialAction\":[{\"@type\":\"SearchAction\",\"target\":{\"@type\":\"EntryPoint\",\"urlTemplate\":\"https:\/\/feesmarraines.ca\/?s={search_term_string}\"},\"query-input\":\"required name=search_term_string\"}],\"inLanguage\":\"en-US\"},{\"@type\":\"ImageObject\",\"inLanguage\":\"en-US\",\"@id\":\"https:\/\/feesmarraines.ca\/en\/places-of-deposit\/#primaryimage\",\"url\":\"https:\/\/feesmarraines.ca\/wp-content\/uploads\/2019\/10\/ecole.jpg\",\"contentUrl\":\"https:\/\/feesmarraines.ca\/wp-content\/uploads\/2019\/10\/ecole.jpg\",\"width\":2560,\"height\":1322},{\"@type\":\"WebPage\",\"@id\":\"https:\/\/feesmarraines.ca\/en\/places-of-deposit\/#webpage\",\"url\":\"https:\/\/feesmarraines.ca\/en\/places-of-deposit\/\",\"name\":\"Place of Deposit | F\u00e9es Marraines\",\"isPartOf\":{\"@id\":\"https:\/\/feesmarraines.ca\/#website\"},\"primaryImageOfPage\":{\"@id\":\"https:\/\/feesmarraines.ca\/en\/places-of-deposit\/#primaryimage\"},\"datePublished\":\"2016-05-22T20:01:37+00:00\",\"dateModified\":\"2021-09-17T16:58:10+00:00\",\"breadcrumb\":{\"@id\":\"https:\/\/feesmarraines.ca\/en\/places-of-deposit\/#breadcrumb\"},\"inLanguage\":\"en-US\",\"potentialAction\":[{\"@type\":\"ReadAction\",\"target\":[\"https:\/\/feesmarraines.ca\/en\/places-of-deposit\/\"]}]},{\"@type\":\"BreadcrumbList\",\"@id\":\"https:\/\/feesmarraines.ca\/en\/places-of-deposit\/#breadcrumb\",\"itemListElement\":[{\"@type\":\"ListItem\",\"position\":1,\"name\":\"Accueil\",\"item\":\"https:\/\/feesmarraines.ca\/en\/\"},{\"@type\":\"ListItem\",\"position\":2,\"name\":\"Place of Deposit\"}]}]}<\/script>\n<!-- \/ Yoast SEO plugin. -->","yoast_head_json":{"title":"Place of Deposit | F\u00e9es Marraines","robots":{"index":"index","follow":"follow","max-snippet":"max-snippet:-1","max-image-preview":"max-image-preview:large","max-video-preview":"max-video-preview:-1"},"canonical":"https:\/\/feesmarraines.ca\/en\/places-of-deposit\/","og_locale":"en_US","og_type":"article","og_title":"Place of Deposit | F\u00e9es Marraines","og_description":"Nous avons maintenant quatre (4) lieux de cueillette qui acceptent vos dons de robes, souliers et accessoires: Montr\u00e9al\u00a0 Fripe-Prix Renaissance 5500 Boul Henri-Bourassa Est, Montreal-Nord, Qc H1G 2T2 &nbsp; Rive Sud Fripe-Prix Renaissance 6250 Boulevard Cousineau St-Hubert, Qc J3Y 9J8 Merci de bien vouloir d\u00e9poser vos dons dans une housse ou un sac sp\u00e9cialement identifi\u00e9 [&hellip;]","og_url":"https:\/\/feesmarraines.ca\/en\/places-of-deposit\/","og_site_name":"F\u00e9es Marraines","article_modified_time":"2021-09-17T16:58:10+00:00","og_image":[{"width":2560,"height":1322,"url":"https:\/\/feesmarraines.ca\/wp-content\/uploads\/2019\/10\/ecole.jpg","type":"image\/jpeg"}],"twitter_card":"summary_large_image","twitter_misc":{"Est. reading time":"1 minute"},"schema":{"@context":"https:\/\/schema.org","@graph":[{"@type":"WebSite","@id":"https:\/\/feesmarraines.ca\/#website","url":"https:\/\/feesmarraines.ca\/","name":"F\u00e9es Marraines","description":"Une robe pour le bal","potentialAction":[{"@type":"SearchAction","target":{"@type":"EntryPoint","urlTemplate":"https:\/\/feesmarraines.ca\/?s={search_term_string}"},"query-input":"required name=search_term_string"}],"inLanguage":"en-US"},{"@type":"ImageObject","inLanguage":"en-US","@id":"https:\/\/feesmarraines.ca\/en\/places-of-deposit\/#primaryimage","url":"https:\/\/feesmarraines.ca\/wp-content\/uploads\/2019\/10\/ecole.jpg","contentUrl":"https:\/\/feesmarraines.ca\/wp-content\/uploads\/2019\/10\/ecole.jpg","width":2560,"height":1322},{"@type":"WebPage","@id":"https:\/\/feesmarraines.ca\/en\/places-of-deposit\/#webpage","url":"https:\/\/feesmarraines.ca\/en\/places-of-deposit\/","name":"Place of Deposit | F\u00e9es Marraines","isPartOf":{"@id":"https:\/\/feesmarraines.ca\/#website"},"primaryImageOfPage":{"@id":"https:\/\/feesmarraines.ca\/en\/places-of-deposit\/#primaryimage"},"datePublished":"2016-05-22T20:01:37+00:00","dateModified":"2021-09-17T16:58:10+00:00","breadcrumb":{"@id":"https:\/\/feesmarraines.ca\/en\/places-of-deposit\/#breadcrumb"},"inLanguage":"en-US","potentialAction":[{"@type":"ReadAction","target":["https:\/\/feesmarraines.ca\/en\/places-of-deposit\/"]}]},{"@type":"BreadcrumbList","@id":"https:\/\/feesmarraines.ca\/en\/places-of-deposit\/#breadcrumb","itemListElement":[{"@type":"ListItem","position":1,"name":"Accueil","item":"https:\/\/feesmarraines.ca\/en\/"},{"@type":"ListItem","position":2,"name":"Place of Deposit"}]}]}},"_links":{"self":[{"href":"https:\/\/feesmarraines.ca\/en\/wp-json\/wp\/v2\/pages\/2416"}],"collection":[{"href":"https:\/\/feesmarraines.ca\/en\/wp-json\/wp\/v2\/pages"}],"about":[{"href":"https:\/\/feesmarraines.ca\/en\/wp-json\/wp\/v2\/types\/page"}],"author":[{"embeddable":true,"href":"https:\/\/feesmarraines.ca\/en\/wp-json\/wp\/v2\/users\/1"}],"replies":[{"embeddable":true,"href":"https:\/\/feesmarraines.ca\/en\/wp-json\/wp\/v2\/comments?post=2416"}],"version-history":[{"count":8,"href":"https:\/\/feesmarraines.ca\/en\/wp-json\/wp\/v2\/pages\/2416\/revisions"}],"predecessor-version":[{"id":3227,"href":"https:\/\/feesmarraines.ca\/en\/wp-json\/wp\/v2\/pages\/2416\/revisions\/3227"}],"wp:featuredmedia":[{"embeddable":true,"href":"https:\/\/feesmarraines.ca\/en\/wp-json\/wp\/v2\/media\/2419"}],"wp:attachment":[{"href":"https:\/\/feesmarraines.ca\/en\/wp-json\/wp\/v2\/media?parent=2416"}],"curies":[{"name":"wp","href":"https:\/\/api.w.org\/{rel}","templated":true}]}}