{"id":3742,"date":"2023-12-21T10:37:33","date_gmt":"2023-12-21T15:37:33","guid":{"rendered":"https:\/\/feesmarraines.ca\/?page_id=3742"},"modified":"2024-12-17T15:40:46","modified_gmt":"2024-12-17T20:40:46","slug":"don-monetaire-2","status":"publish","type":"page","link":"https:\/\/feesmarraines.ca\/en\/faire-un-don\/don-monetaire-2\/","title":{"rendered":"Dons mon\u00e9taires"},"content":{"rendered":"<p style=\"text-align: justify;\">Merci de contribuer \u00e0 notre cause! Le Projet F\u00e9es Marraines est \u00e0 la recherche de contributions mon\u00e9taires qui seront utilis\u00e9es pour aider un plus grand nombre d\u2019adolescentes dans le futur.<\/p>\n<p>&nbsp;<\/p>\n<p>Veuillez svp remplir le formulaire ci-dessous pour faire votre don. Nous acceptons les paiements par ch\u00e8que et par carte de cr\u00e9dit.<\/p>\n<p>&nbsp;<\/p>\n<div role=\"form\" class=\"wpcf7\" id=\"wpcf7-f1009-o1\" lang=\"fr-FR\" dir=\"ltr\">\n<div class=\"screen-reader-response\"><\/div>\n<form action=\"\/en\/wp-json\/wp\/v2\/pages\/3742#wpcf7-f1009-o1\" method=\"post\" class=\"wpcf7-form\" novalidate=\"novalidate\">\n<div style=\"display: none;\">\n<input type=\"hidden\" name=\"_wpcf7\" value=\"1009\" \/>\n<input type=\"hidden\" name=\"_wpcf7_version\" value=\"5.1.6\" \/>\n<input type=\"hidden\" name=\"_wpcf7_locale\" value=\"fr_FR\" \/>\n<input type=\"hidden\" name=\"_wpcf7_unit_tag\" value=\"wpcf7-f1009-o1\" \/>\n<input type=\"hidden\" name=\"_wpcf7_container_post\" value=\"0\" \/>\n<\/div>\n<p>Pr\u00e9nom<br \/>\n    <span class=\"wpcf7-form-control-wrap prenom\"><input type=\"text\" name=\"prenom\" value=\"\" size=\"40\" class=\"wpcf7-form-control wpcf7-text wpcf7-validates-as-required\" aria-required=\"true\" aria-invalid=\"false\" \/><\/span> <\/p>\n<p>Nom<br \/>\n    <span class=\"wpcf7-form-control-wrap nom\"><input type=\"text\" name=\"nom\" value=\"\" size=\"40\" class=\"wpcf7-form-control wpcf7-text wpcf7-validates-as-required\" aria-required=\"true\" aria-invalid=\"false\" \/><\/span> <\/p>\n<p>Entreprise<br \/>\n<span class=\"wpcf7-form-control-wrap entreprise\"><input type=\"text\" name=\"entreprise\" value=\"\" size=\"40\" class=\"wpcf7-form-control wpcf7-text\" aria-invalid=\"false\" \/><\/span><\/p>\n<p>Adresse<br \/>\n<span class=\"wpcf7-form-control-wrap adresse\"><input type=\"text\" name=\"adresse\" value=\"\" size=\"40\" class=\"wpcf7-form-control wpcf7-text wpcf7-validates-as-required\" aria-required=\"true\" aria-invalid=\"false\" \/><\/span><\/p>\n<p>Ville<br \/>\n<span class=\"wpcf7-form-control-wrap ville\"><input type=\"text\" name=\"ville\" value=\"\" size=\"40\" class=\"wpcf7-form-control wpcf7-text wpcf7-validates-as-required\" aria-required=\"true\" aria-invalid=\"false\" \/><\/span><\/p>\n<p>Code postal<br \/>\n<span class=\"wpcf7-form-control-wrap codepostal\"><input type=\"text\" name=\"codepostal\" value=\"\" size=\"40\" class=\"wpcf7-form-control wpcf7-text wpcf7-validates-as-required\" aria-required=\"true\" aria-invalid=\"false\" \/><\/span><\/p>\n<p>T\u00e9l\u00e9phone<br \/>\n<span class=\"wpcf7-form-control-wrap telephone\"><input type=\"text\" name=\"telephone\" value=\"\" size=\"40\" class=\"wpcf7-form-control wpcf7-text\" aria-invalid=\"false\" \/><\/span><\/p>\n<p>Courriel<br \/>\n<span class=\"wpcf7-form-control-wrap courriel\"><input type=\"email\" name=\"courriel\" value=\"\" size=\"40\" class=\"wpcf7-form-control wpcf7-text wpcf7-email wpcf7-validates-as-required wpcf7-validates-as-email\" aria-required=\"true\" aria-invalid=\"false\" \/><\/span><\/p>\n<p>Montant que vous d\u00e9sirez donner<br \/>\n<span class=\"wpcf7-form-control-wrap amount\"><input type=\"number\" name=\"amount\" value=\"\" class=\"wpcf7-form-control wpcf7-number wpcf7-validates-as-required wpcf7-validates-as-number\" id=\"amount\" aria-required=\"true\" aria-invalid=\"false\" \/><\/span> <span class=\"wpcf7-form-control-wrap amountname\"><input type=\"text\" name=\"amountname\" value=\"Don Fees Marraines\" size=\"40\" class=\"wpcf7-form-control wpcf7-text wpcf7-validates-as-required\" id=\"amountname\" aria-required=\"true\" aria-invalid=\"false\" \/><\/span><\/p>\n<p>En poursuivant, vous acceptez les <a href=\"\/modalites-conditions-utilisation\/\" target=\"_blank\">modalit\u00e9s et conditions d\u2019utilisation<\/a><\/p>\n<p>[paypalsubmit email:paypal@feesmarraines.ca currency:CAD language:fr_FR country:CA itemamount:amount itemname:amountname return_url:https:\/\/feesmarraines.ca\/faire-un-don\/don-monetaire\/?success cancel_url:https:\/\/feesmarraines.ca\/faire-un-don\/don-monetaire\/?fail \"Payer\"]<\/p>\n<p>Vous serez dirig\u00e9s vers la plateforme de paiement de Paypal pour effectuer le paiment, soit par carte de cr\u00e9dit ou par votre compte Paypal<\/p>\n<div class=\"heading__third-container\" style=\"margin-top: 50px;\">\n<div class=\"heading__third\" style=\"font-size: 1.5em;\">Re\u00e7u aux fins d\u2019imp\u00f4t<\/div>\n<\/div>\n<p>Un re\u00e7u aux fins d\u2019imp\u00f4t sera \u00e9mis au mois de f\u00e9vrier pour tout don sup\u00e9rieur \u00e0 25 $, totalisant le montant vers\u00e9 au cours de l\u2019ann\u00e9e d\u2019imposition pr\u00e9c\u00e9dente.\n<p>No. d\u2019organisme de bienfaisance : 80079 5981 RR0001<br \/>\n<div class=\"wpcf7-response-output wpcf7-display-none\"><\/div><\/form><\/div>\n<p style=\"text-align: justify;\">\n","protected":false},"excerpt":{"rendered":"<p>Merci de contribuer \u00e0 notre cause! Le Projet F\u00e9es Marraines est \u00e0 la recherche de contributions mon\u00e9taires qui seront utilis\u00e9es pour aider un plus grand nombre d\u2019adolescentes dans le futur. &nbsp; Veuillez svp remplir le formulaire ci-dessous pour faire votre don. Nous acceptons les paiements par ch\u00e8que et par carte de cr\u00e9dit. &nbsp;<\/p>\n","protected":false},"author":1,"featured_media":0,"parent":2120,"menu_order":0,"comment_status":"closed","ping_status":"closed","template":"","meta":[],"acf":[],"yoast_head":"<!-- This site is optimized with the Yoast SEO plugin v18.9 - https:\/\/yoast.com\/wordpress\/plugins\/seo\/ -->\n<title>Dons mon\u00e9taires | F\u00e9es Marraines<\/title>\n<meta name=\"robots\" content=\"index, follow, max-snippet:-1, max-image-preview:large, max-video-preview:-1\" \/>\n<link rel=\"canonical\" href=\"https:\/\/feesmarraines.ca\/faire-un-don\/don-monetaire-2\/\" \/>\n<meta property=\"og:locale\" content=\"en_US\" \/>\n<meta property=\"og:type\" content=\"article\" \/>\n<meta property=\"og:title\" content=\"Dons mon\u00e9taires | F\u00e9es Marraines\" \/>\n<meta property=\"og:description\" content=\"Merci de contribuer \u00e0 notre cause! Le Projet F\u00e9es Marraines est \u00e0 la recherche de contributions mon\u00e9taires qui seront utilis\u00e9es pour aider un plus grand nombre d\u2019adolescentes dans le futur. &nbsp; Veuillez svp remplir le formulaire ci-dessous pour faire votre don. Nous acceptons les paiements par ch\u00e8que et par carte de cr\u00e9dit. &nbsp;\" \/>\n<meta property=\"og:url\" content=\"https:\/\/feesmarraines.ca\/faire-un-don\/don-monetaire-2\/\" \/>\n<meta property=\"og:site_name\" content=\"F\u00e9es Marraines\" \/>\n<meta property=\"article:modified_time\" content=\"2024-12-17T20:40:46+00:00\" \/>\n<meta property=\"og:image\" content=\"https:\/\/feesmarraines.ca\/wp-content\/uploads\/2019\/12\/share_fb.jpg\" \/>\n\t<meta property=\"og:image:width\" content=\"1200\" \/>\n\t<meta property=\"og:image:height\" content=\"630\" \/>\n\t<meta property=\"og:image:type\" content=\"image\/jpeg\" \/>\n<meta name=\"twitter:card\" content=\"summary_large_image\" \/>\n<script type=\"application\/ld+json\" class=\"yoast-schema-graph\">{\"@context\":\"https:\/\/schema.org\",\"@graph\":[{\"@type\":\"WebSite\",\"@id\":\"https:\/\/feesmarraines.ca\/#website\",\"url\":\"https:\/\/feesmarraines.ca\/\",\"name\":\"F\u00e9es Marraines\",\"description\":\"Une robe pour le bal\",\"potentialAction\":[{\"@type\":\"SearchAction\",\"target\":{\"@type\":\"EntryPoint\",\"urlTemplate\":\"https:\/\/feesmarraines.ca\/?s={search_term_string}\"},\"query-input\":\"required name=search_term_string\"}],\"inLanguage\":\"en-US\"},{\"@type\":\"WebPage\",\"@id\":\"https:\/\/feesmarraines.ca\/faire-un-don\/don-monetaire-2\/#webpage\",\"url\":\"https:\/\/feesmarraines.ca\/faire-un-don\/don-monetaire-2\/\",\"name\":\"Dons mon\u00e9taires | F\u00e9es Marraines\",\"isPartOf\":{\"@id\":\"https:\/\/feesmarraines.ca\/#website\"},\"datePublished\":\"2023-12-21T15:37:33+00:00\",\"dateModified\":\"2024-12-17T20:40:46+00:00\",\"breadcrumb\":{\"@id\":\"https:\/\/feesmarraines.ca\/faire-un-don\/don-monetaire-2\/#breadcrumb\"},\"inLanguage\":\"en-US\",\"potentialAction\":[{\"@type\":\"ReadAction\",\"target\":[\"https:\/\/feesmarraines.ca\/faire-un-don\/don-monetaire-2\/\"]}]},{\"@type\":\"BreadcrumbList\",\"@id\":\"https:\/\/feesmarraines.ca\/faire-un-don\/don-monetaire-2\/#breadcrumb\",\"itemListElement\":[{\"@type\":\"ListItem\",\"position\":1,\"name\":\"Accueil\",\"item\":\"https:\/\/feesmarraines.ca\/en\/\"},{\"@type\":\"ListItem\",\"position\":2,\"name\":\"Faire un don\",\"item\":\"https:\/\/feesmarraines.ca\/faire-un-don\/\"},{\"@type\":\"ListItem\",\"position\":3,\"name\":\"Dons mon\u00e9taires\"}]}]}<\/script>\n<!-- \/ Yoast SEO plugin. -->","yoast_head_json":{"title":"Dons mon\u00e9taires | F\u00e9es Marraines","robots":{"index":"index","follow":"follow","max-snippet":"max-snippet:-1","max-image-preview":"max-image-preview:large","max-video-preview":"max-video-preview:-1"},"canonical":"https:\/\/feesmarraines.ca\/faire-un-don\/don-monetaire-2\/","og_locale":"en_US","og_type":"article","og_title":"Dons mon\u00e9taires | F\u00e9es Marraines","og_description":"Merci de contribuer \u00e0 notre cause! Le Projet F\u00e9es Marraines est \u00e0 la recherche de contributions mon\u00e9taires qui seront utilis\u00e9es pour aider un plus grand nombre d\u2019adolescentes dans le futur. &nbsp; Veuillez svp remplir le formulaire ci-dessous pour faire votre don. Nous acceptons les paiements par ch\u00e8que et par carte de cr\u00e9dit. &nbsp;","og_url":"https:\/\/feesmarraines.ca\/faire-un-don\/don-monetaire-2\/","og_site_name":"F\u00e9es Marraines","article_modified_time":"2024-12-17T20:40:46+00:00","og_image":[{"width":1200,"height":630,"url":"https:\/\/feesmarraines.ca\/wp-content\/uploads\/2019\/12\/share_fb.jpg","type":"image\/jpeg"}],"twitter_card":"summary_large_image","schema":{"@context":"https:\/\/schema.org","@graph":[{"@type":"WebSite","@id":"https:\/\/feesmarraines.ca\/#website","url":"https:\/\/feesmarraines.ca\/","name":"F\u00e9es Marraines","description":"Une robe pour le bal","potentialAction":[{"@type":"SearchAction","target":{"@type":"EntryPoint","urlTemplate":"https:\/\/feesmarraines.ca\/?s={search_term_string}"},"query-input":"required name=search_term_string"}],"inLanguage":"en-US"},{"@type":"WebPage","@id":"https:\/\/feesmarraines.ca\/faire-un-don\/don-monetaire-2\/#webpage","url":"https:\/\/feesmarraines.ca\/faire-un-don\/don-monetaire-2\/","name":"Dons mon\u00e9taires | F\u00e9es Marraines","isPartOf":{"@id":"https:\/\/feesmarraines.ca\/#website"},"datePublished":"2023-12-21T15:37:33+00:00","dateModified":"2024-12-17T20:40:46+00:00","breadcrumb":{"@id":"https:\/\/feesmarraines.ca\/faire-un-don\/don-monetaire-2\/#breadcrumb"},"inLanguage":"en-US","potentialAction":[{"@type":"ReadAction","target":["https:\/\/feesmarraines.ca\/faire-un-don\/don-monetaire-2\/"]}]},{"@type":"BreadcrumbList","@id":"https:\/\/feesmarraines.ca\/faire-un-don\/don-monetaire-2\/#breadcrumb","itemListElement":[{"@type":"ListItem","position":1,"name":"Accueil","item":"https:\/\/feesmarraines.ca\/en\/"},{"@type":"ListItem","position":2,"name":"Faire un don","item":"https:\/\/feesmarraines.ca\/faire-un-don\/"},{"@type":"ListItem","position":3,"name":"Dons mon\u00e9taires"}]}]}},"_links":{"self":[{"href":"https:\/\/feesmarraines.ca\/en\/wp-json\/wp\/v2\/pages\/3742"}],"collection":[{"href":"https:\/\/feesmarraines.ca\/en\/wp-json\/wp\/v2\/pages"}],"about":[{"href":"https:\/\/feesmarraines.ca\/en\/wp-json\/wp\/v2\/types\/page"}],"author":[{"embeddable":true,"href":"https:\/\/feesmarraines.ca\/en\/wp-json\/wp\/v2\/users\/1"}],"replies":[{"embeddable":true,"href":"https:\/\/feesmarraines.ca\/en\/wp-json\/wp\/v2\/comments?post=3742"}],"version-history":[{"count":6,"href":"https:\/\/feesmarraines.ca\/en\/wp-json\/wp\/v2\/pages\/3742\/revisions"}],"predecessor-version":[{"id":3924,"href":"https:\/\/feesmarraines.ca\/en\/wp-json\/wp\/v2\/pages\/3742\/revisions\/3924"}],"up":[{"embeddable":true,"href":"https:\/\/feesmarraines.ca\/en\/wp-json\/wp\/v2\/pages\/2120"}],"wp:attachment":[{"href":"https:\/\/feesmarraines.ca\/en\/wp-json\/wp\/v2\/media?parent=3742"}],"curies":[{"name":"wp","href":"https:\/\/api.w.org\/{rel}","templated":true}]}}