{"id":4036,"date":"2025-01-14T17:28:16","date_gmt":"2025-01-14T22:28:16","guid":{"rendered":"https:\/\/feesmarraines.ca\/?page_id=4036"},"modified":"2025-01-14T17:28:16","modified_gmt":"2025-01-14T22:28:16","slug":"honneurs","status":"publish","type":"page","link":"https:\/\/feesmarraines.ca\/en\/a-propos\/honneurs\/","title":{"rendered":"Les F\u00e9es \u00e0 l&#8217;honneur"},"content":{"rendered":"<p style=\"text-align: justify;\">Le Projet F\u00e9es Marraines a connu une notori\u00e9t\u00e9 grandissante gr\u00e2ce aux diff\u00e9rentes couvertures m\u00e9diatiques dans la derni\u00e8re ann\u00e9e.<\/p>\n<p style=\"text-align: justify;\">Nous sommes toujours int\u00e9ress\u00e9es \u00e0 accro\u00eetre notre visibilit\u00e9 aupr\u00e8s du public et sommes tr\u00e8s reconnaissantes du temps accord\u00e9 par les m\u00e9dias. Nous demeurons donc disponibles en tout temps pour fournir des informations sur notre programme, nos Journ\u00e9es Boutique et notre organisation.<\/p>\n<p style=\"text-align: justify;\">Si vous \u0153uvrez dans le domaine des communications et aimeriez nous aider \u00e0 faire rayonner notre programme dans le grand Montr\u00e9al, merci de communiquer avec\u00a0nous via comms@feesmarraines.ca au (514) 316-7819<\/p>\n<p style=\"text-align: justify;\"><span style=\"text-decoration: underline;\">Revue de presse<\/span><\/p>\n<ul style=\"text-align: justify;\">\n<li><strong>La Presse &#8211; 20 juin 2014<\/strong><\/li>\n<li><a href=\"http:\/\/www.lapresse.ca\/vivre\/societe\/201406\/20\/01-4777550-bal-de-finissants-la-fee-marraine-de-saint-leonard.php\" target=\"_blank\" rel=\"noopener noreferrer\">http:\/\/www.lapresse.ca\/vivre\/societe\/201406\/20\/01-4777550-bal-de-finissants-la-fee-marraine-de-saint-leonard.php<\/a><\/li>\n<li><strong>Actualit\u00e9s UQAM &#8211; 20 f\u00e9vrier 2015<\/strong><\/li>\n<li><a href=\"http:\/\/www.actualites.uqam.ca\/2015\/stephanie-lafortune-linda-blouin-laureates-2015-prix-engagement-education\" target=\"_blank\" rel=\"noopener noreferrer\">http:\/\/www.actualites.uqam.ca\/2015\/stephanie-lafortune-linda-blouin-laureates-2015-prix-engagement-education<\/a><\/li>\n<li><strong>Clin d\u2019oeil &#8211; 26 f\u00e9vrier 2015<\/strong><br \/>\n<a href=\"http:\/\/clindoeil.ca\/blogues\/debbie\/magasine-sa-robe-de-bal\" target=\"_blank\" rel=\"noopener noreferrer\">http:\/\/clindoeil.ca\/blogues\/debbie\/magasine-sa-robe-de-bal<\/a><\/li>\n<li><strong>La Presse &#8211; 12 mars 2015<\/strong><br \/>\n<a href=\"http:\/\/plus.lapresse.ca\/screens\/da8a07c1-2e4b-46b0-89a2-444b8d025298%257C_0\" target=\"_blank\" rel=\"noopener noreferrer\">http:\/\/plus.lapresse.ca\/screens\/da8a07c1-2e4b-46b0-89a2-444b8d025298%257C_0<\/a><\/li>\n<li><strong>TVA \u2013 Salut Bonjour &#8211; 12 mars 2015 (8h30)<\/strong><br \/>\n<a href=\"http:\/\/tva.canoe.ca\/emissions\/salutbonjour\/chroniques\/detail\/la-parfaite-petite-robe\" target=\"_blank\" rel=\"noopener noreferrer\">http:\/\/tva.canoe.ca\/emissions\/salutbonjour\/chroniques\/detail\/la-parfaite-petite-robe<\/a><\/li>\n<li><strong>La Presse &#8211; 12 mars 2015<\/strong><br \/>\n<a href=\"http:\/\/plus.lapresse.ca\/screens\/da8a07c1-2e4b-46b0-89a2-444b8d025298%7C_0.html\" target=\"_blank\" rel=\"noopener noreferrer\">http:\/\/plus.laprehttp:\/\/plus.lapresse.ca\/screens\/da8a07c1-2e4b-46b0-89a2-444b8d025298%7C_0.html<\/a><\/li>\n<li><strong>Les Pacs &#8211; 31 mars 2015<\/strong><br \/>\n<a href=\"http:\/\/www.laviemoinschere.ca\/fees-marraines-sauve-le-bal-des-finissants\/\" target=\"_blank\" rel=\"noopener noreferrer\">http:\/\/www.laviemoinschere.ca\/fees-marraines-sauve-le-bal-des-finissants\/<\/a><\/li>\n<li><strong>Le cahier(blogue) &#8211; 14 avril 2015<\/strong><br \/>\n<a href=\"http:\/\/lecahier.com\/serais-tu-une-fee-marraine\/\" target=\"_blank\" rel=\"noopener noreferrer\">http:\/\/lecahier.com\/serais-tu-une-fee-marraine\/<\/a><\/li>\n<li><strong>Progr\u00e8s de Saint-L\u00e9onard &#8211; 5 mai 2015<\/strong><br \/>\n<a href=\"http:\/\/journalmetro.com\/local\/saint-leonard\/actualites\/770117\/fees-marraines-des-princesses-comblees\/\" target=\"_blank\" rel=\"noopener noreferrer\">http:\/\/journalmetro.com\/local\/saint-leonard\/actualites\/770117\/fees-marraines-des-princesses-comblees\/<\/a><\/li>\n<li><strong>Ici Radio-Canada (radio) &#8211; 27 juin 2015<\/strong><\/li>\n<li><a href=\"http:\/\/ici.radio-canada.ca\/emissions\/pas_banale_la_vie\/2014-2015\/chronique.asp?idChronique=376540\">http:\/\/ici.radio-canada.ca\/emissions\/pas_banale_la_vie\/2014-2015\/chronique.asp?idChronique=376540<\/a><\/li>\n<li><strong>La Presse- 22 mai 2016<\/strong><\/li>\n<li><a href=\"http:\/\/plus.lapresse.ca\/screens\/fecb9ac6-3395-411b-ba3d-535b17337c47%7C_0.html\">http:\/\/plus.lapresse.ca\/screens\/fecb9ac6-3395-411b-ba3d-535b17337c47%7C_0.html<\/a><\/li>\n<li><strong>Ici Radio-Canada (radio) &#8211; 13 juin\u00a02016<\/strong><br \/>\n<a href=\"http:\/\/ici.radio-canada.ca\/emissions\/gravel_le_matin\/2015-2016\/chronique.asp?idChronique=409404\">http:\/\/ici.radio-canada.ca\/emissions\/gravel_le_matin\/2015-2016\/chronique.asp?idChronique=409404<\/a><\/li>\n<li><strong>Journal de Montreal-\u00a017 juin 2016<\/strong><a href=\"http:\/\/www.journaldemontreal.com\/2016\/06\/17\/un-bal-a-1000\">http:\/\/www.journaldemontreal.com\/2016\/06\/17\/un-bal-a-1000<\/a><\/li>\n<li><strong>TVA Nouvelles- 23 Juin 2016<\/strong><a href=\"http:\/\/www.tvanouvelles.ca\/2016\/06\/23\/des-fees-marraines-pour-un-bal-en-beaute\">http:\/\/www.tvanouvelles.ca\/2016\/06\/23\/des-fees-marraines-pour-un-bal-en-beaute<\/a><\/li>\n<li><strong>Mode Montreal-\u00a013 juillet 2016<\/strong><a href=\"http:\/\/www.modemontreal.tv\/actualites\/les-fees-marraines-realisatrices-de-reves\">http:\/\/www.modemontreal.tv\/actualites\/les-fees-marraines-realisatrices-de-reves<\/a><\/li>\n<li><strong><u><\/u>Huffington Post- 24 avril 2017<\/strong><a href=\"http:\/\/quebec.huffingtonpost.ca\/2017\/04\/24\/trouver-la-parfaite-robe-de-bal-de-montreal-a-quebec_n_15490538.html\">http:\/\/quebec.huffingtonpost.ca\/2017\/04\/24\/trouver-la-parfaite-robe-de-bal-de-montreal-a-quebec_n_15490538.html<\/a><\/li>\n<li>\u00a0<strong>En vedette- 24 avril 2017<\/strong><a href=\"http:\/\/www.envedette.ca\/stars\/karine-vanasse-felicite-son-frere-1.2560633\">http:\/\/www.envedette.ca\/stars\/karine-vanasse-felicite-son-frere-1.2560633<\/a><\/li>\n<li><strong>La Presse Plus- 26 mai 2017<\/strong><a href=\"http:\/\/plus.lapresse.ca\/screens\/d84f072c-d783-455a-a020-1f68dfe7d1ca__7C__yz48fi-dcaqY.html\">http:\/\/plus.lapresse.ca\/screens\/d84f072c-d783-455a-a020-1f68dfe7d1ca__7C__yz48fi-dcaqY.html<\/a><\/li>\n<li><strong>Urbania &#8211; 26 mai 2017<\/strong><a href=\"http:\/\/urbania.ca\/250769\/lp-03-un-bal-digne-dun-conte-de-fees\/\">http:\/\/urbania.ca\/250769\/lp-03-un-bal-digne-dun-conte-de-fees\/<\/a><\/li>\n<li><strong>La Presse Plus- 20 juin 2017<\/strong><a href=\"http:\/\/plus.lapresse.ca\/screens\/24489d06-46a0-44eb-a658-9c0ce7f1391e%7C_0.html\">http:\/\/plus.lapresse.ca\/screens\/24489d06-46a0-44eb-a658-9c0ce7f1391e%7C_0.html<\/a><\/li>\n<li><strong>CTV, 28 avril 2018\u00a0<\/strong><a href=\"https:\/\/montreal.ctvnews.ca\/mobile\/fairy-godmothers-guarantee-a-prom-to-remember-with-free-dresses-1.3907000\">https:\/\/montreal.ctvnews.ca\/mobile\/fairy-godmothers-guarantee-a-prom-to-remember-with-free-dresses-1.3907000<\/a><\/li>\n<\/ul>\n","protected":false},"excerpt":{"rendered":"<p>Le Projet F\u00e9es Marraines a connu une notori\u00e9t\u00e9 grandissante gr\u00e2ce aux diff\u00e9rentes couvertures m\u00e9diatiques dans la derni\u00e8re ann\u00e9e. Nous sommes toujours int\u00e9ress\u00e9es \u00e0 accro\u00eetre notre visibilit\u00e9 aupr\u00e8s du public et sommes tr\u00e8s reconnaissantes du temps accord\u00e9 par les m\u00e9dias. Nous demeurons donc disponibles en tout temps pour fournir des informations sur notre programme, nos Journ\u00e9es [&hellip;]<\/p>\n","protected":false},"author":1,"featured_media":2237,"parent":2125,"menu_order":0,"comment_status":"closed","ping_status":"closed","template":"","meta":[],"acf":[],"yoast_head":"<!-- This site is optimized with the Yoast SEO plugin v18.9 - https:\/\/yoast.com\/wordpress\/plugins\/seo\/ -->\n<title>Les F\u00e9es \u00e0 l&#039;honneur | F\u00e9es Marraines<\/title>\n<meta name=\"description\" content=\"Le Projet F\u00e9es Marraines a connu une notori\u00e9t\u00e9 grandissante gr\u00e2ce aux diff\u00e9rentes couvertures m\u00e9diatiques dans les derni\u00e8res ann\u00e9es.\" \/>\n<meta name=\"robots\" content=\"index, follow, max-snippet:-1, max-image-preview:large, max-video-preview:-1\" \/>\n<link rel=\"canonical\" href=\"https:\/\/feesmarraines.ca\/a-propos\/honneurs\/\" \/>\n<meta property=\"og:locale\" content=\"en_US\" \/>\n<meta property=\"og:type\" content=\"article\" \/>\n<meta property=\"og:title\" content=\"Les F\u00e9es \u00e0 l&#039;honneur | F\u00e9es Marraines\" \/>\n<meta property=\"og:description\" content=\"Le Projet F\u00e9es Marraines a connu une notori\u00e9t\u00e9 grandissante gr\u00e2ce aux diff\u00e9rentes couvertures m\u00e9diatiques dans les derni\u00e8res ann\u00e9es.\" \/>\n<meta property=\"og:url\" content=\"https:\/\/feesmarraines.ca\/a-propos\/honneurs\/\" \/>\n<meta property=\"og:site_name\" content=\"F\u00e9es Marraines\" \/>\n<meta property=\"og:image\" content=\"https:\/\/feesmarraines.ca\/wp-content\/uploads\/2019\/10\/benevoles.jpg\" \/>\n\t<meta property=\"og:image:width\" content=\"2560\" \/>\n\t<meta property=\"og:image:height\" content=\"1708\" \/>\n\t<meta property=\"og:image:type\" content=\"image\/jpeg\" \/>\n<meta name=\"twitter:card\" content=\"summary_large_image\" \/>\n<meta name=\"twitter:label1\" content=\"Est. reading time\" \/>\n\t<meta name=\"twitter:data1\" content=\"2 minutes\" \/>\n<script type=\"application\/ld+json\" class=\"yoast-schema-graph\">{\"@context\":\"https:\/\/schema.org\",\"@graph\":[{\"@type\":\"WebSite\",\"@id\":\"https:\/\/feesmarraines.ca\/#website\",\"url\":\"https:\/\/feesmarraines.ca\/\",\"name\":\"F\u00e9es Marraines\",\"description\":\"Une robe pour le bal\",\"potentialAction\":[{\"@type\":\"SearchAction\",\"target\":{\"@type\":\"EntryPoint\",\"urlTemplate\":\"https:\/\/feesmarraines.ca\/?s={search_term_string}\"},\"query-input\":\"required name=search_term_string\"}],\"inLanguage\":\"en-US\"},{\"@type\":\"ImageObject\",\"inLanguage\":\"en-US\",\"@id\":\"https:\/\/feesmarraines.ca\/a-propos\/honneurs\/#primaryimage\",\"url\":\"https:\/\/feesmarraines.ca\/wp-content\/uploads\/2019\/10\/benevoles.jpg\",\"contentUrl\":\"https:\/\/feesmarraines.ca\/wp-content\/uploads\/2019\/10\/benevoles.jpg\",\"width\":2560,\"height\":1708},{\"@type\":\"WebPage\",\"@id\":\"https:\/\/feesmarraines.ca\/a-propos\/honneurs\/#webpage\",\"url\":\"https:\/\/feesmarraines.ca\/a-propos\/honneurs\/\",\"name\":\"Les F\u00e9es \u00e0 l'honneur | F\u00e9es Marraines\",\"isPartOf\":{\"@id\":\"https:\/\/feesmarraines.ca\/#website\"},\"primaryImageOfPage\":{\"@id\":\"https:\/\/feesmarraines.ca\/a-propos\/honneurs\/#primaryimage\"},\"datePublished\":\"2025-01-14T22:28:16+00:00\",\"dateModified\":\"2025-01-14T22:28:16+00:00\",\"description\":\"Le Projet F\u00e9es Marraines a connu une notori\u00e9t\u00e9 grandissante gr\u00e2ce aux diff\u00e9rentes couvertures m\u00e9diatiques dans les derni\u00e8res ann\u00e9es.\",\"breadcrumb\":{\"@id\":\"https:\/\/feesmarraines.ca\/a-propos\/honneurs\/#breadcrumb\"},\"inLanguage\":\"en-US\",\"potentialAction\":[{\"@type\":\"ReadAction\",\"target\":[\"https:\/\/feesmarraines.ca\/a-propos\/honneurs\/\"]}]},{\"@type\":\"BreadcrumbList\",\"@id\":\"https:\/\/feesmarraines.ca\/a-propos\/honneurs\/#breadcrumb\",\"itemListElement\":[{\"@type\":\"ListItem\",\"position\":1,\"name\":\"Accueil\",\"item\":\"https:\/\/feesmarraines.ca\/en\/\"},{\"@type\":\"ListItem\",\"position\":2,\"name\":\"\u00c0 propos\",\"item\":\"https:\/\/feesmarraines.ca\/a-propos\/\"},{\"@type\":\"ListItem\",\"position\":3,\"name\":\"Les F\u00e9es \u00e0 l&rsquo;honneur\"}]}]}<\/script>\n<!-- \/ Yoast SEO plugin. -->","yoast_head_json":{"title":"Les F\u00e9es \u00e0 l'honneur | F\u00e9es Marraines","description":"Le Projet F\u00e9es Marraines a connu une notori\u00e9t\u00e9 grandissante gr\u00e2ce aux diff\u00e9rentes couvertures m\u00e9diatiques dans les derni\u00e8res ann\u00e9es.","robots":{"index":"index","follow":"follow","max-snippet":"max-snippet:-1","max-image-preview":"max-image-preview:large","max-video-preview":"max-video-preview:-1"},"canonical":"https:\/\/feesmarraines.ca\/a-propos\/honneurs\/","og_locale":"en_US","og_type":"article","og_title":"Les F\u00e9es \u00e0 l'honneur | F\u00e9es Marraines","og_description":"Le Projet F\u00e9es Marraines a connu une notori\u00e9t\u00e9 grandissante gr\u00e2ce aux diff\u00e9rentes couvertures m\u00e9diatiques dans les derni\u00e8res ann\u00e9es.","og_url":"https:\/\/feesmarraines.ca\/a-propos\/honneurs\/","og_site_name":"F\u00e9es Marraines","og_image":[{"width":2560,"height":1708,"url":"https:\/\/feesmarraines.ca\/wp-content\/uploads\/2019\/10\/benevoles.jpg","type":"image\/jpeg"}],"twitter_card":"summary_large_image","twitter_misc":{"Est. reading time":"2 minutes"},"schema":{"@context":"https:\/\/schema.org","@graph":[{"@type":"WebSite","@id":"https:\/\/feesmarraines.ca\/#website","url":"https:\/\/feesmarraines.ca\/","name":"F\u00e9es Marraines","description":"Une robe pour le bal","potentialAction":[{"@type":"SearchAction","target":{"@type":"EntryPoint","urlTemplate":"https:\/\/feesmarraines.ca\/?s={search_term_string}"},"query-input":"required name=search_term_string"}],"inLanguage":"en-US"},{"@type":"ImageObject","inLanguage":"en-US","@id":"https:\/\/feesmarraines.ca\/a-propos\/honneurs\/#primaryimage","url":"https:\/\/feesmarraines.ca\/wp-content\/uploads\/2019\/10\/benevoles.jpg","contentUrl":"https:\/\/feesmarraines.ca\/wp-content\/uploads\/2019\/10\/benevoles.jpg","width":2560,"height":1708},{"@type":"WebPage","@id":"https:\/\/feesmarraines.ca\/a-propos\/honneurs\/#webpage","url":"https:\/\/feesmarraines.ca\/a-propos\/honneurs\/","name":"Les F\u00e9es \u00e0 l'honneur | F\u00e9es Marraines","isPartOf":{"@id":"https:\/\/feesmarraines.ca\/#website"},"primaryImageOfPage":{"@id":"https:\/\/feesmarraines.ca\/a-propos\/honneurs\/#primaryimage"},"datePublished":"2025-01-14T22:28:16+00:00","dateModified":"2025-01-14T22:28:16+00:00","description":"Le Projet F\u00e9es Marraines a connu une notori\u00e9t\u00e9 grandissante gr\u00e2ce aux diff\u00e9rentes couvertures m\u00e9diatiques dans les derni\u00e8res ann\u00e9es.","breadcrumb":{"@id":"https:\/\/feesmarraines.ca\/a-propos\/honneurs\/#breadcrumb"},"inLanguage":"en-US","potentialAction":[{"@type":"ReadAction","target":["https:\/\/feesmarraines.ca\/a-propos\/honneurs\/"]}]},{"@type":"BreadcrumbList","@id":"https:\/\/feesmarraines.ca\/a-propos\/honneurs\/#breadcrumb","itemListElement":[{"@type":"ListItem","position":1,"name":"Accueil","item":"https:\/\/feesmarraines.ca\/en\/"},{"@type":"ListItem","position":2,"name":"\u00c0 propos","item":"https:\/\/feesmarraines.ca\/a-propos\/"},{"@type":"ListItem","position":3,"name":"Les F\u00e9es \u00e0 l&rsquo;honneur"}]}]}},"_links":{"self":[{"href":"https:\/\/feesmarraines.ca\/en\/wp-json\/wp\/v2\/pages\/4036"}],"collection":[{"href":"https:\/\/feesmarraines.ca\/en\/wp-json\/wp\/v2\/pages"}],"about":[{"href":"https:\/\/feesmarraines.ca\/en\/wp-json\/wp\/v2\/types\/page"}],"author":[{"embeddable":true,"href":"https:\/\/feesmarraines.ca\/en\/wp-json\/wp\/v2\/users\/1"}],"replies":[{"embeddable":true,"href":"https:\/\/feesmarraines.ca\/en\/wp-json\/wp\/v2\/comments?post=4036"}],"version-history":[{"count":2,"href":"https:\/\/feesmarraines.ca\/en\/wp-json\/wp\/v2\/pages\/4036\/revisions"}],"predecessor-version":[{"id":4038,"href":"https:\/\/feesmarraines.ca\/en\/wp-json\/wp\/v2\/pages\/4036\/revisions\/4038"}],"up":[{"embeddable":true,"href":"https:\/\/feesmarraines.ca\/en\/wp-json\/wp\/v2\/pages\/2125"}],"wp:featuredmedia":[{"embeddable":true,"href":"https:\/\/feesmarraines.ca\/en\/wp-json\/wp\/v2\/media\/2237"}],"wp:attachment":[{"href":"https:\/\/feesmarraines.ca\/en\/wp-json\/wp\/v2\/media?parent=4036"}],"curies":[{"name":"wp","href":"https:\/\/api.w.org\/{rel}","templated":true}]}}