{"id":982,"date":"2016-02-29T20:43:47","date_gmt":"2016-03-01T01:43:47","guid":{"rendered":"http:\/\/www.feesmarraines.ca\/?page_id=982"},"modified":"2025-12-02T21:28:19","modified_gmt":"2025-12-03T02:28:19","slug":"notre-equipe","status":"publish","type":"page","link":"https:\/\/feesmarraines.ca\/en\/a-propos\/notre-equipe\/","title":{"rendered":"Notre \u00e9quipe"},"content":{"rendered":"<p>[vc_row][vc_column][vc_custom_heading text=&#8221;Conseil d\u2019administration&#8221; font_container=&#8221;tag:h3|text_align:left&#8221; google_fonts=&#8221;font_family:Montserrat%3Aregular%2C700|font_style:400%20regular%3A400%3Anormal&#8221; css=&#8221;.vc_custom_1456776704453{margin-top: 30px !important;}&#8221;][\/vc_column][\/vc_row][vc_row][vc_column width=&#8221;1\/3&#8243;][vc_single_image image=&#8221;929&#8243; img_size=&#8221;medium&#8221; alignment=&#8221;center&#8221; css=&#8221;.vc_custom_1481143893901{margin-top: 30px !important;margin-bottom: 20px !important;}&#8221;][vc_column_text]<\/p>\n<p style=\"text-align: center;\"><strong>Linda Blouin (Pr\u00e9sidente et Fondatrice)<\/strong><\/p>\n<p style=\"text-align: left;\">M\u00e8re de trois adolescentes, Linda s\u2019est toujours port\u00e9e volontaire pour du\u00a0 b\u00e9n\u00e9volat tout au cours de sa vie.\u00a0 Enseignante depuis plus de 27 ann\u00e9es dans une \u00e9cole qui accueille plusieurs \u00e9l\u00e8ves de milieux d\u00e9favoris\u00e9s, elle a cofond\u00e9 le Projet F\u00e9es Marraines il y a trois ans, afin d\u2019aider des jeunes \u00e9tudiants d\u00e9munis \u00e0 participer au Bal de finissants de l\u2019\u00e9cole. Elle a \u00e9t\u00e9 R\u00e9cipiendaire 2015 du Prix d&#8217;engagement en enseignement de L&#8217;UQAM.<\/p>\n<p>[\/vc_column_text][\/vc_column][vc_column width=&#8221;1\/3&#8243;][vc_single_image image=&#8221;926&#8243; img_size=&#8221;medium&#8221; alignment=&#8221;center&#8221; css=&#8221;.vc_custom_1481144000453{margin-top: 30px !important;margin-bottom: 20px !important;}&#8221;][vc_column_text]<\/p>\n<p style=\"text-align: center;\"><strong>Brigitte Dupr\u00e9 (Vice-Pr\u00e9sidente)<\/strong><\/p>\n<p>\u00c0 l\u2019emploi d\u2019un organisme culturel o\u00f9 elle agit comme Charg\u00e9e de projet, promotion internationale, Brigitte est responsable de la cr\u00e9ation du Grand Flirt et du Match Parfait, \u00e9v\u00e9nement annuel o\u00f9 des centaines de rencontres ont lieu avec des professionnels du milieu cin\u00e9matographique.\u00a0 Depuis les 10 derni\u00e8res ann\u00e9es, elle offre aussi du temps au Dispensaire Di\u00e9t\u00e9tique de Montr\u00e9al, un organisme qui aide les femmes enceintes en milieu d\u00e9favoris\u00e9 et depuis 2014, s\u2019implique dans le projet F\u00e9es Marraines.[\/vc_column_text][\/vc_column][vc_column width=&#8221;1\/3&#8243;][vc_single_image image=&#8221;1409&#8243; img_size=&#8221;medium&#8221; alignment=&#8221;center&#8221; css=&#8221;.vc_custom_1509982273828{margin-top: 30px !important;margin-bottom: 20px !important;}&#8221;][vc_column_text]<\/p>\n<p style=\"text-align: center;\"><strong>Carla Nancy Hyacinthe (Commandites)<\/strong><\/p>\n<p>D\u00e9tentrice d&#8217;un baccalaur\u00e9at en administration des affaires, Carla est CPA, CMA. Ayant toujours \u00e9t\u00e9 passionn\u00e9e par la mode, lorsqu&#8217;elle a d\u00e9couvert les f\u00e9es marraines elle a tout de suite su qu&#8217;elle devait s&#8217;impliquer. Lorsqu&#8217;elle n&#8217;est pas au bureau, elle passe ses temps libres au gym ou avec sa famille.[\/vc_column_text][\/vc_column][\/vc_row][vc_row][vc_column width=&#8221;1\/3&#8243;][vc_single_image image=&#8221;1281&#8243; img_size=&#8221;medium&#8221; alignment=&#8221;center&#8221; css=&#8221;.vc_custom_1481142767675{margin-top: 30px !important;margin-bottom: 20px !important;}&#8221;][vc_column_text]<\/p>\n<p style=\"text-align: center;\"><strong>Marion Duchesne (Technologies)<\/strong><\/p>\n<p>Fondatrice et PDG de Mediaclip, Marion est d\u00e9tentrice d\u2019un MBA en Planification strat\u00e9gique et dipl\u00f4m\u00e9e en Entrepreneurship du Massachusetts Institute of Technology.\u00a0 Marion est r\u00e9cipiendaire de plusieurs prix et reconnaissances et elle est tr\u00e8s active dans le monde des affaires. M\u00e8re de 2 enfants , elle consacre son temps entre sa famille, l\u2019internationalisation de son entreprise et son implication au sein du projet F\u00e9\u00e9es Marraines.[\/vc_column_text][\/vc_column][vc_column width=&#8221;1\/3&#8243;][vc_single_image image=&#8221;921&#8243; img_size=&#8221;medium&#8221; alignment=&#8221;center&#8221; css=&#8221;.vc_custom_1481142775351{margin-top: 30px !important;margin-bottom: 20px !important;}&#8221;][vc_column_text]<\/p>\n<p style=\"text-align: center;\"><strong>Ann-Marie Romanin (Inventaire)<\/strong><\/p>\n<p>D\u00e9tentrice d\u2019un baccalaur\u00e9at en Marketing, elle \u0153uvre depuis de nombreuses ann\u00e9es en vente marketing et formation. En plus de s\u2019engager dans le Projet F\u00e9es Marraines, elle consacre aussi du temps au sein des organismes \u00ab Belle et bien dans sa peau \u00bb et \u00ab Fondation\u00a0Marie-Vincent\u00a0\u00bb.[\/vc_column_text][\/vc_column][vc_column width=&#8221;1\/3&#8243;][vc_single_image image=&#8221;1229&#8243; img_size=&#8221;medium&#8221; alignment=&#8221;center&#8221; css=&#8221;.vc_custom_1481142786498{margin-top: 30px !important;margin-bottom: 20px !important;}&#8221;][vc_column_text]<\/p>\n<p style=\"text-align: center;\"><strong>\u00a0Isabelle Sicard (Communications)<\/strong><\/p>\n<p class=\"p1\"><span class=\"s1\">D\u00e9tentrice d\u2019un baccalaur\u00e9at en ergoth\u00e9rapie de la facult\u00e9 de m\u00e9decine de l\u2019Universit\u00e9 McGill et d\u2019un dipl\u00f4me d\u2019\u00e9tudes sup\u00e9rieures en gestion des HEC, Isabelle est cofondatrice de Groupe Synergo, cliniques de r\u00e9adaptation sp\u00e9cialis\u00e9es en sant\u00e9 au travail. Conf\u00e9renci\u00e8re recherch\u00e9e et philanthrope, elle participe \u00e0 des campagnes de lev\u00e9es de fonds pour les causes qui lui tiennent \u00e0 coeur. En plus de son implication aux conseils d&#8217;administration du Projet f\u00e9es marraines, de Pr\u00e9ma-Qu\u00e9bec et de Leucan, elle est membre du comit\u00e9 organisateur du Bal au profit de la Fondation de l&#8217;h\u00f4pital Montr\u00e9al pour enfants.\u00a0<\/span><\/p>\n<p>[\/vc_column_text][\/vc_column][\/vc_row][vc_row][vc_column width=&#8221;1\/3&#8243;][vc_single_image image=&#8221;923&#8243; img_size=&#8221;medium&#8221; alignment=&#8221;center&#8221; css=&#8221;.vc_custom_1481142814520{margin-top: 30px !important;margin-bottom: 20px !important;}&#8221;][vc_column_text]<\/p>\n<p style=\"text-align: center;\"><strong>Genevi\u00e8ve Forcier (Gestion des b\u00e9n\u00e9voles)<\/strong><\/p>\n<p>Avocate sp\u00e9cialis\u00e9e en droit commercial et d\u00e9tentrice d\u2019une ma\u00eetrise en administration des affaires, Genevi\u00e8ve a travaill\u00e9 dans une grande entreprise canadienne en financement corporatif pendant pr\u00e8s de 10 ans.\u00a0 En 2004, elle d\u00e9cide de mettre en veilleuse sa carri\u00e8re afin de se consacrer \u00e0 sa famille. Depuis 2014, elle offre des services de m\u00e9diation familiale dans un cabinet priv\u00e9 et s\u2019implique activement comme b\u00e9n\u00e9vole dans le milieu scolaire de ses enfants et au sein du Projet F\u00e9es Marraines.<\/p>\n<p>[\/vc_column_text][\/vc_column][vc_column width=&#8221;1\/3&#8243;][vc_single_image image=&#8221;1630&#8243; img_size=&#8221;medium&#8221; alignment=&#8221;center&#8221; css=&#8221;.vc_custom_1538674166147{margin-top: 30px !important;margin-bottom: 20px !important;}&#8221;][vc_column_text]<\/p>\n<p style=\"text-align: center;\"><strong>Vicky Bellemare (Secr\u00e9taire)<\/strong><\/p>\n<p>D\u00e9tentrice d&#8217;une DEC en graphisme et un baccalaur\u00e9at en Communications, Vicky travaille actuellement dans le domaine du marketing promotionnel. Le b\u00e9n\u00e9volat ayant toujours \u00e9tant important \u00e0 ses yeux, c&#8217;est avec un grand bonheur qu&#8217;elle a rejoint la famille du Projet F\u00e9es Marraines en 2015.[\/vc_column_text][\/vc_column][vc_column width=&#8221;1\/3&#8243;][vc_single_image image=&#8221;1289&#8243; img_size=&#8221;medium&#8221; alignment=&#8221;center&#8221; css=&#8221;.vc_custom_1481646350871{margin-top: 30px !important;margin-bottom: 20px !important;}&#8221;][vc_column_text]<\/p>\n<p style=\"text-align: center;\"><strong>Cathy Samson (Communications)<\/strong><\/p>\n<p>D\u00e9tentrice\u00a0d\u2019un baccalaur\u00e9at en Communication Marketing, Cathy a consacr\u00e9 sa carri\u00e8re au m\u00eame domaine, principalement dans le secteur de la mode et des cosm\u00e9tiques pour femmes. Elle a fait partie du Groupe Marcelle pendant 13 ans occupant entre autre le poste de Directrice de marque Lise Watier.\u00a0En 2019, elle s\u2019est jointe \u00e0 Ricardo M\u00e9dia comme Directrice commerce de d\u00e9tail et restauration. En plus d\u2019\u00eatre impliqu\u00e9e au sein du projet F\u00e9es Marraines, elle est \u00e9galement activement engag\u00e9e avec le Cha\u00eenon depuis 2013. Elle est entre autre membre du comit\u00e9 organisateur de Reluxe et du Bal annuel. En 2018, elle a joint le comit\u00e9 40e anniversaire de Toujours Ensemble.[\/vc_column_text][\/vc_column][\/vc_row]<\/p>\n","protected":false},"excerpt":{"rendered":"<p>[vc_row][vc_column][vc_custom_heading text=&#8221;Conseil d\u2019administration&#8221; font_container=&#8221;tag:h3|text_align:left&#8221; google_fonts=&#8221;font_family:Montserrat%3Aregular%2C700|font_style:400%20regular%3A400%3Anormal&#8221; css=&#8221;.vc_custom_1456776704453{margin-top: 30px !important;}&#8221;][\/vc_column][\/vc_row][vc_row][vc_column width=&#8221;1\/3&#8243;][vc_single_image image=&#8221;929&#8243; img_size=&#8221;medium&#8221; alignment=&#8221;center&#8221; css=&#8221;.vc_custom_1481143893901{margin-top: 30px !important;margin-bottom: 20px !important;}&#8221;][vc_column_text] Linda Blouin (Pr\u00e9sidente et Fondatrice) M\u00e8re de trois adolescentes, Linda s\u2019est toujours port\u00e9e volontaire pour du\u00a0 b\u00e9n\u00e9volat tout au cours de sa vie.\u00a0 Enseignante depuis plus de 27 ann\u00e9es dans une \u00e9cole qui accueille plusieurs \u00e9l\u00e8ves de milieux [&hellip;]<\/p>\n","protected":false},"author":1,"featured_media":3782,"parent":2125,"menu_order":0,"comment_status":"closed","ping_status":"closed","template":"","meta":[],"acf":[],"yoast_head":"<!-- This site is optimized with the Yoast SEO plugin v18.9 - https:\/\/yoast.com\/wordpress\/plugins\/seo\/ -->\n<title>Notre \u00e9quipe | F\u00e9es Marraines<\/title>\n<meta name=\"description\" content=\"10 f\u00e9es rallient leur savoir-faire et leur savoir-\u00eatre dans un objectif commun : faire scintiller la fin d&#039;ann\u00e9e de jeunes \u00e9tudiantes.\" \/>\n<meta name=\"robots\" content=\"index, follow, max-snippet:-1, max-image-preview:large, max-video-preview:-1\" \/>\n<link rel=\"canonical\" href=\"https:\/\/feesmarraines.ca\/a-propos\/notre-equipe\/\" \/>\n<meta property=\"og:locale\" content=\"en_US\" \/>\n<meta property=\"og:type\" content=\"article\" \/>\n<meta property=\"og:title\" content=\"Notre \u00e9quipe | F\u00e9es Marraines\" \/>\n<meta property=\"og:description\" content=\"10 f\u00e9es rallient leur savoir-faire et leur savoir-\u00eatre dans un objectif commun : faire scintiller la fin d&#039;ann\u00e9e de jeunes \u00e9tudiantes.\" \/>\n<meta property=\"og:url\" content=\"https:\/\/feesmarraines.ca\/a-propos\/notre-equipe\/\" \/>\n<meta property=\"og:site_name\" content=\"F\u00e9es Marraines\" \/>\n<meta property=\"article:modified_time\" content=\"2025-12-03T02:28:19+00:00\" \/>\n<meta property=\"og:image\" content=\"https:\/\/feesmarraines.ca\/wp-content\/uploads\/2024\/01\/friendship-fun-youth-community-happy-hand-1554173-pxhere-com-scaled.jpg\" \/>\n\t<meta property=\"og:image:width\" content=\"2560\" \/>\n\t<meta property=\"og:image:height\" content=\"1872\" \/>\n\t<meta property=\"og:image:type\" content=\"image\/jpeg\" \/>\n<meta name=\"twitter:card\" content=\"summary_large_image\" \/>\n<meta name=\"twitter:label1\" content=\"Est. reading time\" \/>\n\t<meta name=\"twitter:data1\" content=\"5 minutes\" \/>\n<script type=\"application\/ld+json\" class=\"yoast-schema-graph\">{\"@context\":\"https:\/\/schema.org\",\"@graph\":[{\"@type\":\"WebSite\",\"@id\":\"https:\/\/feesmarraines.ca\/#website\",\"url\":\"https:\/\/feesmarraines.ca\/\",\"name\":\"F\u00e9es Marraines\",\"description\":\"Une robe pour le bal\",\"potentialAction\":[{\"@type\":\"SearchAction\",\"target\":{\"@type\":\"EntryPoint\",\"urlTemplate\":\"https:\/\/feesmarraines.ca\/?s={search_term_string}\"},\"query-input\":\"required name=search_term_string\"}],\"inLanguage\":\"en-US\"},{\"@type\":\"ImageObject\",\"inLanguage\":\"en-US\",\"@id\":\"https:\/\/feesmarraines.ca\/a-propos\/notre-equipe\/#primaryimage\",\"url\":\"https:\/\/feesmarraines.ca\/wp-content\/uploads\/2024\/01\/friendship-fun-youth-community-happy-hand-1554173-pxhere-com-scaled.jpg\",\"contentUrl\":\"https:\/\/feesmarraines.ca\/wp-content\/uploads\/2024\/01\/friendship-fun-youth-community-happy-hand-1554173-pxhere-com-scaled.jpg\",\"width\":2560,\"height\":1872},{\"@type\":\"WebPage\",\"@id\":\"https:\/\/feesmarraines.ca\/a-propos\/notre-equipe\/#webpage\",\"url\":\"https:\/\/feesmarraines.ca\/a-propos\/notre-equipe\/\",\"name\":\"Notre \u00e9quipe | F\u00e9es Marraines\",\"isPartOf\":{\"@id\":\"https:\/\/feesmarraines.ca\/#website\"},\"primaryImageOfPage\":{\"@id\":\"https:\/\/feesmarraines.ca\/a-propos\/notre-equipe\/#primaryimage\"},\"datePublished\":\"2016-03-01T01:43:47+00:00\",\"dateModified\":\"2025-12-03T02:28:19+00:00\",\"description\":\"10 f\u00e9es rallient leur savoir-faire et leur savoir-\u00eatre dans un objectif commun : faire scintiller la fin d'ann\u00e9e de jeunes \u00e9tudiantes.\",\"breadcrumb\":{\"@id\":\"https:\/\/feesmarraines.ca\/a-propos\/notre-equipe\/#breadcrumb\"},\"inLanguage\":\"en-US\",\"potentialAction\":[{\"@type\":\"ReadAction\",\"target\":[\"https:\/\/feesmarraines.ca\/a-propos\/notre-equipe\/\"]}]},{\"@type\":\"BreadcrumbList\",\"@id\":\"https:\/\/feesmarraines.ca\/a-propos\/notre-equipe\/#breadcrumb\",\"itemListElement\":[{\"@type\":\"ListItem\",\"position\":1,\"name\":\"Accueil\",\"item\":\"https:\/\/feesmarraines.ca\/en\/\"},{\"@type\":\"ListItem\",\"position\":2,\"name\":\"\u00c0 propos\",\"item\":\"https:\/\/feesmarraines.ca\/a-propos\/\"},{\"@type\":\"ListItem\",\"position\":3,\"name\":\"Notre \u00e9quipe\"}]}]}<\/script>\n<!-- \/ Yoast SEO plugin. -->","yoast_head_json":{"title":"Notre \u00e9quipe | F\u00e9es Marraines","description":"10 f\u00e9es rallient leur savoir-faire et leur savoir-\u00eatre dans un objectif commun : faire scintiller la fin d'ann\u00e9e de jeunes \u00e9tudiantes.","robots":{"index":"index","follow":"follow","max-snippet":"max-snippet:-1","max-image-preview":"max-image-preview:large","max-video-preview":"max-video-preview:-1"},"canonical":"https:\/\/feesmarraines.ca\/a-propos\/notre-equipe\/","og_locale":"en_US","og_type":"article","og_title":"Notre \u00e9quipe | F\u00e9es Marraines","og_description":"10 f\u00e9es rallient leur savoir-faire et leur savoir-\u00eatre dans un objectif commun : faire scintiller la fin d'ann\u00e9e de jeunes \u00e9tudiantes.","og_url":"https:\/\/feesmarraines.ca\/a-propos\/notre-equipe\/","og_site_name":"F\u00e9es Marraines","article_modified_time":"2025-12-03T02:28:19+00:00","og_image":[{"width":2560,"height":1872,"url":"https:\/\/feesmarraines.ca\/wp-content\/uploads\/2024\/01\/friendship-fun-youth-community-happy-hand-1554173-pxhere-com-scaled.jpg","type":"image\/jpeg"}],"twitter_card":"summary_large_image","twitter_misc":{"Est. reading time":"5 minutes"},"schema":{"@context":"https:\/\/schema.org","@graph":[{"@type":"WebSite","@id":"https:\/\/feesmarraines.ca\/#website","url":"https:\/\/feesmarraines.ca\/","name":"F\u00e9es Marraines","description":"Une robe pour le bal","potentialAction":[{"@type":"SearchAction","target":{"@type":"EntryPoint","urlTemplate":"https:\/\/feesmarraines.ca\/?s={search_term_string}"},"query-input":"required name=search_term_string"}],"inLanguage":"en-US"},{"@type":"ImageObject","inLanguage":"en-US","@id":"https:\/\/feesmarraines.ca\/a-propos\/notre-equipe\/#primaryimage","url":"https:\/\/feesmarraines.ca\/wp-content\/uploads\/2024\/01\/friendship-fun-youth-community-happy-hand-1554173-pxhere-com-scaled.jpg","contentUrl":"https:\/\/feesmarraines.ca\/wp-content\/uploads\/2024\/01\/friendship-fun-youth-community-happy-hand-1554173-pxhere-com-scaled.jpg","width":2560,"height":1872},{"@type":"WebPage","@id":"https:\/\/feesmarraines.ca\/a-propos\/notre-equipe\/#webpage","url":"https:\/\/feesmarraines.ca\/a-propos\/notre-equipe\/","name":"Notre \u00e9quipe | F\u00e9es Marraines","isPartOf":{"@id":"https:\/\/feesmarraines.ca\/#website"},"primaryImageOfPage":{"@id":"https:\/\/feesmarraines.ca\/a-propos\/notre-equipe\/#primaryimage"},"datePublished":"2016-03-01T01:43:47+00:00","dateModified":"2025-12-03T02:28:19+00:00","description":"10 f\u00e9es rallient leur savoir-faire et leur savoir-\u00eatre dans un objectif commun : faire scintiller la fin d'ann\u00e9e de jeunes \u00e9tudiantes.","breadcrumb":{"@id":"https:\/\/feesmarraines.ca\/a-propos\/notre-equipe\/#breadcrumb"},"inLanguage":"en-US","potentialAction":[{"@type":"ReadAction","target":["https:\/\/feesmarraines.ca\/a-propos\/notre-equipe\/"]}]},{"@type":"BreadcrumbList","@id":"https:\/\/feesmarraines.ca\/a-propos\/notre-equipe\/#breadcrumb","itemListElement":[{"@type":"ListItem","position":1,"name":"Accueil","item":"https:\/\/feesmarraines.ca\/en\/"},{"@type":"ListItem","position":2,"name":"\u00c0 propos","item":"https:\/\/feesmarraines.ca\/a-propos\/"},{"@type":"ListItem","position":3,"name":"Notre \u00e9quipe"}]}]}},"_links":{"self":[{"href":"https:\/\/feesmarraines.ca\/en\/wp-json\/wp\/v2\/pages\/982"}],"collection":[{"href":"https:\/\/feesmarraines.ca\/en\/wp-json\/wp\/v2\/pages"}],"about":[{"href":"https:\/\/feesmarraines.ca\/en\/wp-json\/wp\/v2\/types\/page"}],"author":[{"embeddable":true,"href":"https:\/\/feesmarraines.ca\/en\/wp-json\/wp\/v2\/users\/1"}],"replies":[{"embeddable":true,"href":"https:\/\/feesmarraines.ca\/en\/wp-json\/wp\/v2\/comments?post=982"}],"version-history":[{"count":73,"href":"https:\/\/feesmarraines.ca\/en\/wp-json\/wp\/v2\/pages\/982\/revisions"}],"predecessor-version":[{"id":4283,"href":"https:\/\/feesmarraines.ca\/en\/wp-json\/wp\/v2\/pages\/982\/revisions\/4283"}],"up":[{"embeddable":true,"href":"https:\/\/feesmarraines.ca\/en\/wp-json\/wp\/v2\/pages\/2125"}],"wp:featuredmedia":[{"embeddable":true,"href":"https:\/\/feesmarraines.ca\/en\/wp-json\/wp\/v2\/media\/3782"}],"wp:attachment":[{"href":"https:\/\/feesmarraines.ca\/en\/wp-json\/wp\/v2\/media?parent=982"}],"curies":[{"name":"wp","href":"https:\/\/api.w.org\/{rel}","templated":true}]}}